{"id":1607,"date":"2026-03-10T21:19:23","date_gmt":"2026-03-10T21:19:23","guid":{"rendered":"https:\/\/tevinor.ar\/?page_id=1607"},"modified":"2026-03-10T21:44:13","modified_gmt":"2026-03-10T21:44:13","slug":"politica-de-calidad","status":"publish","type":"page","link":"https:\/\/tevinor.ar\/index.php\/politica-de-calidad\/","title":{"rendered":"Pol\u00edtica de calidad"},"content":{"rendered":"\t\t<div data-elementor-type=\"wp-page\" data-elementor-id=\"1607\" class=\"elementor elementor-1607\" data-elementor-post-type=\"page\">\n\t\t\t\t<div class=\"aux-parallax-section elementor-element elementor-element-60e59f3 e-flex e-con-boxed e-con e-parent\" data-id=\"60e59f3\" data-element_type=\"container\" data-e-type=\"container\">\n\t\t\t\t\t<div class=\"e-con-inner\">\n\t\t\t\t<div class=\"elementor-element elementor-element-bcd38b5 elementor-widget elementor-widget-heading\" data-id=\"bcd38b5\" data-element_type=\"widget\" data-e-type=\"widget\" data-widget_type=\"heading.default\">\n\t\t\t\t\t<h2 class=\"elementor-heading-title elementor-size-default\">POL\u00cdTICA DE CALIDAD<\/h2>\t\t\t\t<\/div>\n\t\t\t\t\t<\/div>\n\t\t\t\t<\/div>\n\t\t<div class=\"aux-parallax-section elementor-element elementor-element-473243f e-grid e-con-boxed e-con e-parent\" data-id=\"473243f\" data-element_type=\"container\" data-e-type=\"container\">\n\t\t\t\t\t<div class=\"e-con-inner\">\n\t\t\t\t<div class=\"elementor-element elementor-element-db8451e elementor-widget elementor-widget-image\" data-id=\"db8451e\" data-element_type=\"widget\" data-e-type=\"widget\" data-widget_type=\"image.default\">\n\t\t\t\t\t\t\t\t\t\t\t\t\t\t\t<img fetchpriority=\"high\" decoding=\"async\" width=\"900\" height=\"900\" src=\"https:\/\/tevinor.ar\/wp-content\/uploads\/2026\/03\/POLITICA-DE-CALIDAD.jpg\" class=\"attachment-large size-large wp-image-1630\" alt=\"\" srcset=\"https:\/\/tevinor.ar\/wp-content\/uploads\/2026\/03\/POLITICA-DE-CALIDAD.jpg 900w, https:\/\/tevinor.ar\/wp-content\/uploads\/2026\/03\/POLITICA-DE-CALIDAD-300x300.jpg 300w, https:\/\/tevinor.ar\/wp-content\/uploads\/2026\/03\/POLITICA-DE-CALIDAD-150x150.jpg 150w, https:\/\/tevinor.ar\/wp-content\/uploads\/2026\/03\/POLITICA-DE-CALIDAD-768x768.jpg 768w, https:\/\/tevinor.ar\/wp-content\/uploads\/2026\/03\/POLITICA-DE-CALIDAD-600x600.jpg 600w, https:\/\/tevinor.ar\/wp-content\/uploads\/2026\/03\/POLITICA-DE-CALIDAD-100x100.jpg 100w, https:\/\/tevinor.ar\/wp-content\/uploads\/2026\/03\/POLITICA-DE-CALIDAD-64x64.jpg 64w\" sizes=\"(max-width: 900px) 100vw, 900px\" \/>\t\t\t\t\t\t\t\t\t\t\t\t\t\t\t<\/div>\n\t\t\t\t<div class=\"elementor-element elementor-element-1d40040 elementor-widget elementor-widget-text-editor\" data-id=\"1d40040\" data-element_type=\"widget\" data-e-type=\"widget\" data-widget_type=\"text-editor.default\">\n\t\t\t\t\t\t\t\t\t<p><strong>Tevinor SA<\/strong> se compromete a mantener el Sistema de Gesti\u00f3n de la Calidad, como sustento de todas las actividades relacionadas con el desarrollo, fabricaci\u00f3n y comercializaci\u00f3n de Telas Vin\u00edlicas &amp; Poliuret\u00e1nicas y los servicios asociados, siendo los pilares b\u00e1sicos, la Satisfacci\u00f3n de nuestros Clientes y dem\u00e1s partes Interesadas a trav\u00e9s de la calidad de nuestros productos y servicios, la prevenci\u00f3n del error y la mejora continua, el desarrollo de nuestra gente como factor diferencial y el respeto al marco legal vigente.<\/p><p>\u00a0<\/p><p><strong>Nuestros principios son:<\/strong><\/p><ul><li>&#8211; Lograr de manera sostenida la Satisfacci\u00f3n de nuestros clientes y dem\u00e1s partes interesadas.<\/li><li>&#8211; Cumplir con el marco legal vigente<\/li><li>&#8211; Mejorar continuamente nuestros procesos, productos y servicios.<\/li><li>&#8211; Fortalecer la formaci\u00f3n de nuestra gente para potenciar sus habilidades y promover la participaci\u00f3n de todo el personal en los objetivos de la empresa.<\/li><\/ul><p><strong>Ing. Alfredo Bettini<\/strong> <br \/>Gte. General <br \/>Tevinor SA<\/p>\t\t\t\t\t\t\t\t<\/div>\n\t\t\t\t\t<\/div>\n\t\t\t\t<\/div>\n\t\t\t\t<\/div>\n\t\t","protected":false},"excerpt":{"rendered":"<p>POL\u00cdTICA DE CALIDAD Tevinor SA se compromete a mantener el Sistema de Gesti\u00f3n de la Calidad, como sustento de todas las actividades relacionadas con el desarrollo, fabricaci\u00f3n y comercializaci\u00f3n de Telas Vin\u00edlicas &amp; Poliuret\u00e1nicas y los servicios asociados, siendo los pilares b\u00e1sicos, la Satisfacci\u00f3n de nuestros Clientes y dem\u00e1s partes Interesadas a trav\u00e9s de la [&hellip;]<\/p>\n","protected":false},"author":1,"featured_media":0,"parent":0,"menu_order":0,"comment_status":"closed","ping_status":"closed","template":"elementor_header_footer","meta":{"_joinchat":[],"footnotes":""},"class_list":["post-1607","page","type-page","status-publish","hentry"],"yoast_head":"<!-- This site is optimized with the Yoast SEO plugin v27.4 - https:\/\/yoast.com\/product\/yoast-seo-wordpress\/ -->\n<title>Tevinor. Pol\u00edtica de calidad<\/title>\n<meta name=\"description\" content=\"Con m\u00e1s de 90 a\u00f1os de trayectoria, Tevinor es l\u00edder en la fabricaci\u00f3n de tejidos vin\u00edlicos de alta calidad en Argentina. Innovaci\u00f3n y durabilidad garantizada.\" \/>\n<meta name=\"robots\" content=\"index, follow, max-snippet:-1, max-image-preview:large, max-video-preview:-1\" \/>\n<link rel=\"canonical\" href=\"https:\/\/tevinor.ar\/index.php\/politica-de-calidad\/\" \/>\n<meta property=\"og:locale\" content=\"es_ES\" \/>\n<meta property=\"og:type\" content=\"article\" \/>\n<meta property=\"og:title\" content=\"Tevinor. Pol\u00edtica de calidad\" \/>\n<meta property=\"og:description\" content=\"Con m\u00e1s de 90 a\u00f1os de trayectoria, Tevinor es l\u00edder en la fabricaci\u00f3n de tejidos vin\u00edlicos de alta calidad en Argentina. Innovaci\u00f3n y durabilidad garantizada.\" \/>\n<meta property=\"og:url\" content=\"https:\/\/tevinor.ar\/index.php\/politica-de-calidad\/\" \/>\n<meta property=\"og:site_name\" content=\"Tevinor\" \/>\n<meta property=\"article:modified_time\" content=\"2026-03-10T21:44:13+00:00\" \/>\n<meta property=\"og:image\" content=\"https:\/\/tevinor.ar\/wp-content\/uploads\/2026\/03\/POLITICA-DE-CALIDAD.jpg\" \/>\n\t<meta property=\"og:image:width\" content=\"900\" \/>\n\t<meta property=\"og:image:height\" content=\"900\" \/>\n\t<meta property=\"og:image:type\" content=\"image\/jpeg\" \/>\n<meta name=\"twitter:card\" content=\"summary_large_image\" \/>\n<meta name=\"twitter:label1\" content=\"Tiempo de lectura\" \/>\n\t<meta name=\"twitter:data1\" content=\"1 minuto\" \/>\n<script type=\"application\/ld+json\" class=\"yoast-schema-graph\">{\"@context\":\"https:\\\/\\\/schema.org\",\"@graph\":[{\"@type\":\"WebPage\",\"@id\":\"https:\\\/\\\/tevinor.ar\\\/index.php\\\/politica-de-calidad\\\/\",\"url\":\"https:\\\/\\\/tevinor.ar\\\/index.php\\\/politica-de-calidad\\\/\",\"name\":\"Tevinor. Pol\u00edtica de calidad\",\"isPartOf\":{\"@id\":\"https:\\\/\\\/tevinor.ar\\\/#website\"},\"primaryImageOfPage\":{\"@id\":\"https:\\\/\\\/tevinor.ar\\\/index.php\\\/politica-de-calidad\\\/#primaryimage\"},\"image\":{\"@id\":\"https:\\\/\\\/tevinor.ar\\\/index.php\\\/politica-de-calidad\\\/#primaryimage\"},\"thumbnailUrl\":\"https:\\\/\\\/tevinor.ar\\\/wp-content\\\/uploads\\\/2026\\\/03\\\/POLITICA-DE-CALIDAD.jpg\",\"datePublished\":\"2026-03-10T21:19:23+00:00\",\"dateModified\":\"2026-03-10T21:44:13+00:00\",\"description\":\"Con m\u00e1s de 90 a\u00f1os de trayectoria, Tevinor es l\u00edder en la fabricaci\u00f3n de tejidos vin\u00edlicos de alta calidad en Argentina. Innovaci\u00f3n y durabilidad garantizada.\",\"breadcrumb\":{\"@id\":\"https:\\\/\\\/tevinor.ar\\\/index.php\\\/politica-de-calidad\\\/#breadcrumb\"},\"inLanguage\":\"es\",\"potentialAction\":[{\"@type\":\"ReadAction\",\"target\":[\"https:\\\/\\\/tevinor.ar\\\/index.php\\\/politica-de-calidad\\\/\"]}]},{\"@type\":\"ImageObject\",\"inLanguage\":\"es\",\"@id\":\"https:\\\/\\\/tevinor.ar\\\/index.php\\\/politica-de-calidad\\\/#primaryimage\",\"url\":\"https:\\\/\\\/tevinor.ar\\\/wp-content\\\/uploads\\\/2026\\\/03\\\/POLITICA-DE-CALIDAD.jpg\",\"contentUrl\":\"https:\\\/\\\/tevinor.ar\\\/wp-content\\\/uploads\\\/2026\\\/03\\\/POLITICA-DE-CALIDAD.jpg\",\"width\":900,\"height\":900},{\"@type\":\"BreadcrumbList\",\"@id\":\"https:\\\/\\\/tevinor.ar\\\/index.php\\\/politica-de-calidad\\\/#breadcrumb\",\"itemListElement\":[{\"@type\":\"ListItem\",\"position\":1,\"name\":\"Portada\",\"item\":\"https:\\\/\\\/tevinor.ar\\\/\"},{\"@type\":\"ListItem\",\"position\":2,\"name\":\"Pol\u00edtica de calidad\"}]},{\"@type\":\"WebSite\",\"@id\":\"https:\\\/\\\/tevinor.ar\\\/#website\",\"url\":\"https:\\\/\\\/tevinor.ar\\\/\",\"name\":\"Tevinor\",\"description\":\"Telas y Productos vin\u00edlicos\",\"publisher\":{\"@id\":\"https:\\\/\\\/tevinor.ar\\\/#organization\"},\"potentialAction\":[{\"@type\":\"SearchAction\",\"target\":{\"@type\":\"EntryPoint\",\"urlTemplate\":\"https:\\\/\\\/tevinor.ar\\\/?s={search_term_string}\"},\"query-input\":{\"@type\":\"PropertyValueSpecification\",\"valueRequired\":true,\"valueName\":\"search_term_string\"}}],\"inLanguage\":\"es\"},{\"@type\":\"Organization\",\"@id\":\"https:\\\/\\\/tevinor.ar\\\/#organization\",\"name\":\"Tevinor\",\"url\":\"https:\\\/\\\/tevinor.ar\\\/\",\"logo\":{\"@type\":\"ImageObject\",\"inLanguage\":\"es\",\"@id\":\"https:\\\/\\\/tevinor.ar\\\/#\\\/schema\\\/logo\\\/image\\\/\",\"url\":\"https:\\\/\\\/tevinor.ar\\\/wp-content\\\/uploads\\\/2026\\\/02\\\/logo-tevinor.png\",\"contentUrl\":\"https:\\\/\\\/tevinor.ar\\\/wp-content\\\/uploads\\\/2026\\\/02\\\/logo-tevinor.png\",\"width\":630,\"height\":169,\"caption\":\"Tevinor\"},\"image\":{\"@id\":\"https:\\\/\\\/tevinor.ar\\\/#\\\/schema\\\/logo\\\/image\\\/\"}}]}<\/script>\n<!-- \/ Yoast SEO plugin. -->","yoast_head_json":{"title":"Tevinor. Pol\u00edtica de calidad","description":"Con m\u00e1s de 90 a\u00f1os de trayectoria, Tevinor es l\u00edder en la fabricaci\u00f3n de tejidos vin\u00edlicos de alta calidad en Argentina. Innovaci\u00f3n y durabilidad garantizada.","robots":{"index":"index","follow":"follow","max-snippet":"max-snippet:-1","max-image-preview":"max-image-preview:large","max-video-preview":"max-video-preview:-1"},"canonical":"https:\/\/tevinor.ar\/index.php\/politica-de-calidad\/","og_locale":"es_ES","og_type":"article","og_title":"Tevinor. Pol\u00edtica de calidad","og_description":"Con m\u00e1s de 90 a\u00f1os de trayectoria, Tevinor es l\u00edder en la fabricaci\u00f3n de tejidos vin\u00edlicos de alta calidad en Argentina. Innovaci\u00f3n y durabilidad garantizada.","og_url":"https:\/\/tevinor.ar\/index.php\/politica-de-calidad\/","og_site_name":"Tevinor","article_modified_time":"2026-03-10T21:44:13+00:00","og_image":[{"width":900,"height":900,"url":"https:\/\/tevinor.ar\/wp-content\/uploads\/2026\/03\/POLITICA-DE-CALIDAD.jpg","type":"image\/jpeg"}],"twitter_card":"summary_large_image","twitter_misc":{"Tiempo de lectura":"1 minuto"},"schema":{"@context":"https:\/\/schema.org","@graph":[{"@type":"WebPage","@id":"https:\/\/tevinor.ar\/index.php\/politica-de-calidad\/","url":"https:\/\/tevinor.ar\/index.php\/politica-de-calidad\/","name":"Tevinor. Pol\u00edtica de calidad","isPartOf":{"@id":"https:\/\/tevinor.ar\/#website"},"primaryImageOfPage":{"@id":"https:\/\/tevinor.ar\/index.php\/politica-de-calidad\/#primaryimage"},"image":{"@id":"https:\/\/tevinor.ar\/index.php\/politica-de-calidad\/#primaryimage"},"thumbnailUrl":"https:\/\/tevinor.ar\/wp-content\/uploads\/2026\/03\/POLITICA-DE-CALIDAD.jpg","datePublished":"2026-03-10T21:19:23+00:00","dateModified":"2026-03-10T21:44:13+00:00","description":"Con m\u00e1s de 90 a\u00f1os de trayectoria, Tevinor es l\u00edder en la fabricaci\u00f3n de tejidos vin\u00edlicos de alta calidad en Argentina. Innovaci\u00f3n y durabilidad garantizada.","breadcrumb":{"@id":"https:\/\/tevinor.ar\/index.php\/politica-de-calidad\/#breadcrumb"},"inLanguage":"es","potentialAction":[{"@type":"ReadAction","target":["https:\/\/tevinor.ar\/index.php\/politica-de-calidad\/"]}]},{"@type":"ImageObject","inLanguage":"es","@id":"https:\/\/tevinor.ar\/index.php\/politica-de-calidad\/#primaryimage","url":"https:\/\/tevinor.ar\/wp-content\/uploads\/2026\/03\/POLITICA-DE-CALIDAD.jpg","contentUrl":"https:\/\/tevinor.ar\/wp-content\/uploads\/2026\/03\/POLITICA-DE-CALIDAD.jpg","width":900,"height":900},{"@type":"BreadcrumbList","@id":"https:\/\/tevinor.ar\/index.php\/politica-de-calidad\/#breadcrumb","itemListElement":[{"@type":"ListItem","position":1,"name":"Portada","item":"https:\/\/tevinor.ar\/"},{"@type":"ListItem","position":2,"name":"Pol\u00edtica de calidad"}]},{"@type":"WebSite","@id":"https:\/\/tevinor.ar\/#website","url":"https:\/\/tevinor.ar\/","name":"Tevinor","description":"Telas y Productos vin\u00edlicos","publisher":{"@id":"https:\/\/tevinor.ar\/#organization"},"potentialAction":[{"@type":"SearchAction","target":{"@type":"EntryPoint","urlTemplate":"https:\/\/tevinor.ar\/?s={search_term_string}"},"query-input":{"@type":"PropertyValueSpecification","valueRequired":true,"valueName":"search_term_string"}}],"inLanguage":"es"},{"@type":"Organization","@id":"https:\/\/tevinor.ar\/#organization","name":"Tevinor","url":"https:\/\/tevinor.ar\/","logo":{"@type":"ImageObject","inLanguage":"es","@id":"https:\/\/tevinor.ar\/#\/schema\/logo\/image\/","url":"https:\/\/tevinor.ar\/wp-content\/uploads\/2026\/02\/logo-tevinor.png","contentUrl":"https:\/\/tevinor.ar\/wp-content\/uploads\/2026\/02\/logo-tevinor.png","width":630,"height":169,"caption":"Tevinor"},"image":{"@id":"https:\/\/tevinor.ar\/#\/schema\/logo\/image\/"}}]}},"_links":{"self":[{"href":"https:\/\/tevinor.ar\/index.php\/wp-json\/wp\/v2\/pages\/1607","targetHints":{"allow":["GET"]}}],"collection":[{"href":"https:\/\/tevinor.ar\/index.php\/wp-json\/wp\/v2\/pages"}],"about":[{"href":"https:\/\/tevinor.ar\/index.php\/wp-json\/wp\/v2\/types\/page"}],"author":[{"embeddable":true,"href":"https:\/\/tevinor.ar\/index.php\/wp-json\/wp\/v2\/users\/1"}],"replies":[{"embeddable":true,"href":"https:\/\/tevinor.ar\/index.php\/wp-json\/wp\/v2\/comments?post=1607"}],"version-history":[{"count":0,"href":"https:\/\/tevinor.ar\/index.php\/wp-json\/wp\/v2\/pages\/1607\/revisions"}],"wp:attachment":[{"href":"https:\/\/tevinor.ar\/index.php\/wp-json\/wp\/v2\/media?parent=1607"}],"curies":[{"name":"wp","href":"https:\/\/api.w.org\/{rel}","templated":true}]}}