{"id":1818,"date":"2026-03-11T14:36:02","date_gmt":"2026-03-11T14:36:02","guid":{"rendered":"https:\/\/tevinor.ar\/?page_id=1818"},"modified":"2026-03-11T14:44:48","modified_gmt":"2026-03-11T14:44:48","slug":"novedades","status":"publish","type":"page","link":"https:\/\/tevinor.ar\/index.php\/novedades\/","title":{"rendered":"Novedades"},"content":{"rendered":"\t\t<div data-elementor-type=\"wp-page\" data-elementor-id=\"1818\" class=\"elementor elementor-1818\" data-elementor-post-type=\"page\">\n\t\t\t\t<div class=\"aux-parallax-section elementor-element elementor-element-6e5287a e-flex e-con-boxed e-con e-parent\" data-id=\"6e5287a\" data-element_type=\"container\" data-e-type=\"container\">\n\t\t\t\t\t<div class=\"e-con-inner\">\n\t\t\t\t<div class=\"elementor-element elementor-element-3a67bf8 elementor-widget elementor-widget-heading\" data-id=\"3a67bf8\" data-element_type=\"widget\" data-e-type=\"widget\" data-widget_type=\"heading.default\">\n\t\t\t\t\t<h2 class=\"elementor-heading-title elementor-size-default\">NOVEDADES<\/h2>\t\t\t\t<\/div>\n\t\t\t\t\t<\/div>\n\t\t\t\t<\/div>\n\t\t<div class=\"aux-parallax-section elementor-element elementor-element-7be55cc8 e-flex e-con-boxed e-con e-parent\" data-id=\"7be55cc8\" data-element_type=\"container\" data-e-type=\"container\">\n\t\t\t\t\t<div class=\"e-con-inner\">\n\t\t\t\t<div class=\"elementor-element elementor-element-18efa179 elementor-posts--align-left elementor-widget__width-initial elementor-grid-3 elementor-grid-tablet-2 elementor-grid-mobile-1 elementor-posts--thumbnail-top elementor-card-shadow-yes elementor-posts__hover-gradient elementor-widget elementor-widget-posts\" data-id=\"18efa179\" data-element_type=\"widget\" data-e-type=\"widget\" data-settings=\"{&quot;pagination_type&quot;:&quot;numbers&quot;,&quot;cards_columns&quot;:&quot;3&quot;,&quot;cards_columns_tablet&quot;:&quot;2&quot;,&quot;cards_columns_mobile&quot;:&quot;1&quot;,&quot;cards_row_gap&quot;:{&quot;unit&quot;:&quot;px&quot;,&quot;size&quot;:35,&quot;sizes&quot;:[]},&quot;cards_row_gap_tablet&quot;:{&quot;unit&quot;:&quot;px&quot;,&quot;size&quot;:&quot;&quot;,&quot;sizes&quot;:[]},&quot;cards_row_gap_mobile&quot;:{&quot;unit&quot;:&quot;px&quot;,&quot;size&quot;:&quot;&quot;,&quot;sizes&quot;:[]}}\" data-widget_type=\"posts.cards\">\n\t\t\t\t<div class=\"elementor-widget-container\">\n\t\t\t\t\t\t\t<div class=\"elementor-posts-container elementor-posts elementor-posts--skin-cards elementor-grid\" role=\"list\">\n\t\t\t\t<article class=\"elementor-post elementor-grid-item post-1432 post type-post status-publish format-standard has-post-thumbnail hentry category-uncategorized\" role=\"listitem\">\n\t\t\t<div class=\"elementor-post__card\">\n\t\t\t\t<a class=\"elementor-post__thumbnail__link\" href=\"https:\/\/tevinor.ar\/index.php\/2026\/03\/10\/mas-alla-del-living-5-usos-creativos-de-las-telas-vinilicas-que-transformaran-tus-proyectos\/\" tabindex=\"-1\" ><div class=\"elementor-post__thumbnail\"><img fetchpriority=\"high\" decoding=\"async\" width=\"1024\" height=\"1000\" src=\"https:\/\/tevinor.ar\/wp-content\/uploads\/2026\/03\/nautica-1024x1000.jpg\" class=\"attachment-large size-large wp-image-1307\" alt=\"\" \/><\/div><\/a>\n\t\t\t\t<div class=\"elementor-post__text\">\n\t\t\t\t<h3 class=\"elementor-post__title\">\n\t\t\t<a href=\"https:\/\/tevinor.ar\/index.php\/2026\/03\/10\/mas-alla-del-living-5-usos-creativos-de-las-telas-vinilicas-que-transformaran-tus-proyectos\/\" >\n\t\t\t\tM\u00e1s all\u00e1 del living: 5 usos creativos de las telas vin\u00edlicas que transformar\u00e1n tus proyectos\t\t\t<\/a>\n\t\t<\/h3>\n\t\t\t\t<div class=\"elementor-post__excerpt\">\n\t\t\t<p>Cuando pensamos en telas vin\u00edlicas, lo primero que se nos viene a la mente es el cl\u00e1sico sill\u00f3n de una sala de espera o el tapizado de una silla de comedor. Sin embargo, la evoluci\u00f3n tecnol\u00f3gica de los materiales de<\/p>\n\t\t<\/div>\n\t\t\n\t\t<a class=\"elementor-post__read-more\" href=\"https:\/\/tevinor.ar\/index.php\/2026\/03\/10\/mas-alla-del-living-5-usos-creativos-de-las-telas-vinilicas-que-transformaran-tus-proyectos\/\" aria-label=\"M\u00e1s informaci\u00f3n sobre M\u00e1s all\u00e1 del living: 5 usos creativos de las telas vin\u00edlicas que transformar\u00e1n tus proyectos\" tabindex=\"-1\" >\n\t\t\tLeer m\u00e1s \u00bb\t\t<\/a>\n\n\t\t\t\t<\/div>\n\t\t\t\t<div class=\"elementor-post__meta-data\">\n\t\t\t\t\t<span class=\"elementor-post-date\">\n\t\t\tmarzo 10, 2026\t\t<\/span>\n\t\t\t\t<\/div>\n\t\t\t\t\t<\/div>\n\t\t<\/article>\n\t\t\t\t<article class=\"elementor-post elementor-grid-item post-1420 post type-post status-publish format-standard has-post-thumbnail hentry category-uncategorized\" role=\"listitem\">\n\t\t\t<div class=\"elementor-post__card\">\n\t\t\t\t<a class=\"elementor-post__thumbnail__link\" href=\"https:\/\/tevinor.ar\/index.php\/2026\/03\/10\/tevinor-90-anos-de-industria-nacional-y-tecnologia-textil-de-vanguardia\/\" tabindex=\"-1\" ><div class=\"elementor-post__thumbnail\"><img decoding=\"async\" width=\"1024\" height=\"666\" data-src=\"https:\/\/tevinor.ar\/wp-content\/uploads\/2026\/03\/camion.jpg\" class=\"attachment-large size-large wp-image-1437 lazyload\" alt=\"\" data-srcset=\"https:\/\/tevinor.ar\/wp-content\/uploads\/2026\/03\/camion.jpg 1024w, https:\/\/tevinor.ar\/wp-content\/uploads\/2026\/03\/camion-600x390.jpg 600w, https:\/\/tevinor.ar\/wp-content\/uploads\/2026\/03\/camion-64x42.jpg 64w\" data-sizes=\"(max-width: 1024px) 100vw, 1024px\" src=\"data:image\/svg+xml;base64,PHN2ZyB3aWR0aD0iMSIgaGVpZ2h0PSIxIiB4bWxucz0iaHR0cDovL3d3dy53My5vcmcvMjAwMC9zdmciPjwvc3ZnPg==\" style=\"--smush-placeholder-width: 1024px; --smush-placeholder-aspect-ratio: 1024\/666;\" \/><\/div><\/a>\n\t\t\t\t<div class=\"elementor-post__text\">\n\t\t\t\t<h3 class=\"elementor-post__title\">\n\t\t\t<a href=\"https:\/\/tevinor.ar\/index.php\/2026\/03\/10\/tevinor-90-anos-de-industria-nacional-y-tecnologia-textil-de-vanguardia\/\" >\n\t\t\t\tTevinor: 90 a\u00f1os de industria nacional y tecnolog\u00eda textil de vanguardia\t\t\t<\/a>\n\t\t<\/h3>\n\t\t\t\t<div class=\"elementor-post__excerpt\">\n\t\t\t<p>Pocas empresas en Argentina pueden jactarse de haber atravesado casi un siglo de historia manteniendo la calidad y la innovaci\u00f3n como pilares. Desde nuestras plantas en Valent\u00edn Alsina (Buenos Aires) y nuestra unidad productiva en Catamarca, en Tevinor no solo<\/p>\n\t\t<\/div>\n\t\t\n\t\t<a class=\"elementor-post__read-more\" href=\"https:\/\/tevinor.ar\/index.php\/2026\/03\/10\/tevinor-90-anos-de-industria-nacional-y-tecnologia-textil-de-vanguardia\/\" aria-label=\"M\u00e1s informaci\u00f3n sobre Tevinor: 90 a\u00f1os de industria nacional y tecnolog\u00eda textil de vanguardia\" tabindex=\"-1\" >\n\t\t\tLeer m\u00e1s \u00bb\t\t<\/a>\n\n\t\t\t\t<\/div>\n\t\t\t\t<div class=\"elementor-post__meta-data\">\n\t\t\t\t\t<span class=\"elementor-post-date\">\n\t\t\tmarzo 10, 2026\t\t<\/span>\n\t\t\t\t<\/div>\n\t\t\t\t\t<\/div>\n\t\t<\/article>\n\t\t\t\t<article class=\"elementor-post elementor-grid-item post-1417 post type-post status-publish format-standard has-post-thumbnail hentry category-uncategorized\" role=\"listitem\">\n\t\t\t<div class=\"elementor-post__card\">\n\t\t\t\t<a class=\"elementor-post__thumbnail__link\" href=\"https:\/\/tevinor.ar\/index.php\/2026\/03\/10\/guia-definitiva-de-talampaya-por-que-es-la-tela-vinilica-lider-en-el-mercado-argentino\/\" tabindex=\"-1\" ><div class=\"elementor-post__thumbnail\"><img decoding=\"async\" width=\"1024\" height=\"666\" data-src=\"https:\/\/tevinor.ar\/wp-content\/uploads\/2026\/03\/talampaya.jpg\" class=\"attachment-large size-large wp-image-1438 lazyload\" alt=\"\" data-srcset=\"https:\/\/tevinor.ar\/wp-content\/uploads\/2026\/03\/talampaya.jpg 1024w, https:\/\/tevinor.ar\/wp-content\/uploads\/2026\/03\/talampaya-600x390.jpg 600w, https:\/\/tevinor.ar\/wp-content\/uploads\/2026\/03\/talampaya-64x42.jpg 64w\" data-sizes=\"(max-width: 1024px) 100vw, 1024px\" src=\"data:image\/svg+xml;base64,PHN2ZyB3aWR0aD0iMSIgaGVpZ2h0PSIxIiB4bWxucz0iaHR0cDovL3d3dy53My5vcmcvMjAwMC9zdmciPjwvc3ZnPg==\" style=\"--smush-placeholder-width: 1024px; --smush-placeholder-aspect-ratio: 1024\/666;\" \/><\/div><\/a>\n\t\t\t\t<div class=\"elementor-post__text\">\n\t\t\t\t<h3 class=\"elementor-post__title\">\n\t\t\t<a href=\"https:\/\/tevinor.ar\/index.php\/2026\/03\/10\/guia-definitiva-de-talampaya-por-que-es-la-tela-vinilica-lider-en-el-mercado-argentino\/\" >\n\t\t\t\tGu\u00eda Definitiva de Talampaya: Por qu\u00e9 es la tela vin\u00edlica l\u00edder en el mercado argentino\t\t\t<\/a>\n\t\t<\/h3>\n\t\t\t\t<div class=\"elementor-post__excerpt\">\n\t\t\t<p>En el mundo del dise\u00f1o y la fabricaci\u00f3n de muebles, la elecci\u00f3n del material de revestimiento es lo que determina el \u00e9xito o el fracaso de un proyecto. No se trata solo de que se vea bien el primer d\u00eda,<\/p>\n\t\t<\/div>\n\t\t\n\t\t<a class=\"elementor-post__read-more\" href=\"https:\/\/tevinor.ar\/index.php\/2026\/03\/10\/guia-definitiva-de-talampaya-por-que-es-la-tela-vinilica-lider-en-el-mercado-argentino\/\" aria-label=\"M\u00e1s informaci\u00f3n sobre Gu\u00eda Definitiva de Talampaya: Por qu\u00e9 es la tela vin\u00edlica l\u00edder en el mercado argentino\" tabindex=\"-1\" >\n\t\t\tLeer m\u00e1s \u00bb\t\t<\/a>\n\n\t\t\t\t<\/div>\n\t\t\t\t<div class=\"elementor-post__meta-data\">\n\t\t\t\t\t<span class=\"elementor-post-date\">\n\t\t\tmarzo 10, 2026\t\t<\/span>\n\t\t\t\t<\/div>\n\t\t\t\t\t<\/div>\n\t\t<\/article>\n\t\t\t\t<\/div>\n\t\t\n\t\t\t\t\t\t<\/div>\n\t\t\t\t<\/div>\n\t\t\t\t\t<\/div>\n\t\t\t\t<\/div>\n\t\t\t\t<\/div>\n\t\t","protected":false},"excerpt":{"rendered":"<p>NOVEDADES<\/p>\n","protected":false},"author":1,"featured_media":0,"parent":0,"menu_order":0,"comment_status":"closed","ping_status":"closed","template":"","meta":{"_joinchat":[],"footnotes":""},"class_list":["post-1818","page","type-page","status-publish","hentry"],"yoast_head":"<!-- This site is optimized with the Yoast SEO plugin v27.4 - https:\/\/yoast.com\/product\/yoast-seo-wordpress\/ -->\n<title>Tevinor. Novedades<\/title>\n<meta name=\"description\" content=\"Con m\u00e1s de 90 a\u00f1os de trayectoria, Tevinor es l\u00edder en la fabricaci\u00f3n de tejidos vin\u00edlicos de alta calidad en Argentina. Innovaci\u00f3n y durabilidad garantizada.\" \/>\n<meta name=\"robots\" content=\"index, follow, max-snippet:-1, max-image-preview:large, max-video-preview:-1\" \/>\n<link rel=\"canonical\" href=\"https:\/\/tevinor.ar\/index.php\/novedades\/\" \/>\n<meta property=\"og:locale\" content=\"es_ES\" \/>\n<meta property=\"og:type\" content=\"article\" \/>\n<meta property=\"og:title\" content=\"Tevinor. Novedades\" \/>\n<meta property=\"og:description\" content=\"Con m\u00e1s de 90 a\u00f1os de trayectoria, Tevinor es l\u00edder en la fabricaci\u00f3n de tejidos vin\u00edlicos de alta calidad en Argentina. Innovaci\u00f3n y durabilidad garantizada.\" \/>\n<meta property=\"og:url\" content=\"https:\/\/tevinor.ar\/index.php\/novedades\/\" \/>\n<meta property=\"og:site_name\" content=\"Tevinor\" \/>\n<meta property=\"article:modified_time\" content=\"2026-03-11T14:44:48+00:00\" \/>\n<meta name=\"twitter:card\" content=\"summary_large_image\" \/>\n<meta name=\"twitter:label1\" content=\"Tiempo de lectura\" \/>\n\t<meta name=\"twitter:data1\" content=\"3 minutos\" \/>\n<script type=\"application\/ld+json\" class=\"yoast-schema-graph\">{\"@context\":\"https:\\\/\\\/schema.org\",\"@graph\":[{\"@type\":\"WebPage\",\"@id\":\"https:\\\/\\\/tevinor.ar\\\/index.php\\\/novedades\\\/\",\"url\":\"https:\\\/\\\/tevinor.ar\\\/index.php\\\/novedades\\\/\",\"name\":\"Tevinor. Novedades\",\"isPartOf\":{\"@id\":\"https:\\\/\\\/tevinor.ar\\\/#website\"},\"datePublished\":\"2026-03-11T14:36:02+00:00\",\"dateModified\":\"2026-03-11T14:44:48+00:00\",\"description\":\"Con m\u00e1s de 90 a\u00f1os de trayectoria, Tevinor es l\u00edder en la fabricaci\u00f3n de tejidos vin\u00edlicos de alta calidad en Argentina. Innovaci\u00f3n y durabilidad garantizada.\",\"breadcrumb\":{\"@id\":\"https:\\\/\\\/tevinor.ar\\\/index.php\\\/novedades\\\/#breadcrumb\"},\"inLanguage\":\"es\",\"potentialAction\":[{\"@type\":\"ReadAction\",\"target\":[\"https:\\\/\\\/tevinor.ar\\\/index.php\\\/novedades\\\/\"]}]},{\"@type\":\"BreadcrumbList\",\"@id\":\"https:\\\/\\\/tevinor.ar\\\/index.php\\\/novedades\\\/#breadcrumb\",\"itemListElement\":[{\"@type\":\"ListItem\",\"position\":1,\"name\":\"Portada\",\"item\":\"https:\\\/\\\/tevinor.ar\\\/\"},{\"@type\":\"ListItem\",\"position\":2,\"name\":\"Novedades\"}]},{\"@type\":\"WebSite\",\"@id\":\"https:\\\/\\\/tevinor.ar\\\/#website\",\"url\":\"https:\\\/\\\/tevinor.ar\\\/\",\"name\":\"Tevinor\",\"description\":\"Telas y Productos vin\u00edlicos\",\"publisher\":{\"@id\":\"https:\\\/\\\/tevinor.ar\\\/#organization\"},\"potentialAction\":[{\"@type\":\"SearchAction\",\"target\":{\"@type\":\"EntryPoint\",\"urlTemplate\":\"https:\\\/\\\/tevinor.ar\\\/?s={search_term_string}\"},\"query-input\":{\"@type\":\"PropertyValueSpecification\",\"valueRequired\":true,\"valueName\":\"search_term_string\"}}],\"inLanguage\":\"es\"},{\"@type\":\"Organization\",\"@id\":\"https:\\\/\\\/tevinor.ar\\\/#organization\",\"name\":\"Tevinor\",\"url\":\"https:\\\/\\\/tevinor.ar\\\/\",\"logo\":{\"@type\":\"ImageObject\",\"inLanguage\":\"es\",\"@id\":\"https:\\\/\\\/tevinor.ar\\\/#\\\/schema\\\/logo\\\/image\\\/\",\"url\":\"https:\\\/\\\/tevinor.ar\\\/wp-content\\\/uploads\\\/2026\\\/02\\\/logo-tevinor.png\",\"contentUrl\":\"https:\\\/\\\/tevinor.ar\\\/wp-content\\\/uploads\\\/2026\\\/02\\\/logo-tevinor.png\",\"width\":630,\"height\":169,\"caption\":\"Tevinor\"},\"image\":{\"@id\":\"https:\\\/\\\/tevinor.ar\\\/#\\\/schema\\\/logo\\\/image\\\/\"}}]}<\/script>\n<!-- \/ Yoast SEO plugin. -->","yoast_head_json":{"title":"Tevinor. Novedades","description":"Con m\u00e1s de 90 a\u00f1os de trayectoria, Tevinor es l\u00edder en la fabricaci\u00f3n de tejidos vin\u00edlicos de alta calidad en Argentina. Innovaci\u00f3n y durabilidad garantizada.","robots":{"index":"index","follow":"follow","max-snippet":"max-snippet:-1","max-image-preview":"max-image-preview:large","max-video-preview":"max-video-preview:-1"},"canonical":"https:\/\/tevinor.ar\/index.php\/novedades\/","og_locale":"es_ES","og_type":"article","og_title":"Tevinor. Novedades","og_description":"Con m\u00e1s de 90 a\u00f1os de trayectoria, Tevinor es l\u00edder en la fabricaci\u00f3n de tejidos vin\u00edlicos de alta calidad en Argentina. Innovaci\u00f3n y durabilidad garantizada.","og_url":"https:\/\/tevinor.ar\/index.php\/novedades\/","og_site_name":"Tevinor","article_modified_time":"2026-03-11T14:44:48+00:00","twitter_card":"summary_large_image","twitter_misc":{"Tiempo de lectura":"3 minutos"},"schema":{"@context":"https:\/\/schema.org","@graph":[{"@type":"WebPage","@id":"https:\/\/tevinor.ar\/index.php\/novedades\/","url":"https:\/\/tevinor.ar\/index.php\/novedades\/","name":"Tevinor. Novedades","isPartOf":{"@id":"https:\/\/tevinor.ar\/#website"},"datePublished":"2026-03-11T14:36:02+00:00","dateModified":"2026-03-11T14:44:48+00:00","description":"Con m\u00e1s de 90 a\u00f1os de trayectoria, Tevinor es l\u00edder en la fabricaci\u00f3n de tejidos vin\u00edlicos de alta calidad en Argentina. Innovaci\u00f3n y durabilidad garantizada.","breadcrumb":{"@id":"https:\/\/tevinor.ar\/index.php\/novedades\/#breadcrumb"},"inLanguage":"es","potentialAction":[{"@type":"ReadAction","target":["https:\/\/tevinor.ar\/index.php\/novedades\/"]}]},{"@type":"BreadcrumbList","@id":"https:\/\/tevinor.ar\/index.php\/novedades\/#breadcrumb","itemListElement":[{"@type":"ListItem","position":1,"name":"Portada","item":"https:\/\/tevinor.ar\/"},{"@type":"ListItem","position":2,"name":"Novedades"}]},{"@type":"WebSite","@id":"https:\/\/tevinor.ar\/#website","url":"https:\/\/tevinor.ar\/","name":"Tevinor","description":"Telas y Productos vin\u00edlicos","publisher":{"@id":"https:\/\/tevinor.ar\/#organization"},"potentialAction":[{"@type":"SearchAction","target":{"@type":"EntryPoint","urlTemplate":"https:\/\/tevinor.ar\/?s={search_term_string}"},"query-input":{"@type":"PropertyValueSpecification","valueRequired":true,"valueName":"search_term_string"}}],"inLanguage":"es"},{"@type":"Organization","@id":"https:\/\/tevinor.ar\/#organization","name":"Tevinor","url":"https:\/\/tevinor.ar\/","logo":{"@type":"ImageObject","inLanguage":"es","@id":"https:\/\/tevinor.ar\/#\/schema\/logo\/image\/","url":"https:\/\/tevinor.ar\/wp-content\/uploads\/2026\/02\/logo-tevinor.png","contentUrl":"https:\/\/tevinor.ar\/wp-content\/uploads\/2026\/02\/logo-tevinor.png","width":630,"height":169,"caption":"Tevinor"},"image":{"@id":"https:\/\/tevinor.ar\/#\/schema\/logo\/image\/"}}]}},"_links":{"self":[{"href":"https:\/\/tevinor.ar\/index.php\/wp-json\/wp\/v2\/pages\/1818","targetHints":{"allow":["GET"]}}],"collection":[{"href":"https:\/\/tevinor.ar\/index.php\/wp-json\/wp\/v2\/pages"}],"about":[{"href":"https:\/\/tevinor.ar\/index.php\/wp-json\/wp\/v2\/types\/page"}],"author":[{"embeddable":true,"href":"https:\/\/tevinor.ar\/index.php\/wp-json\/wp\/v2\/users\/1"}],"replies":[{"embeddable":true,"href":"https:\/\/tevinor.ar\/index.php\/wp-json\/wp\/v2\/comments?post=1818"}],"version-history":[{"count":0,"href":"https:\/\/tevinor.ar\/index.php\/wp-json\/wp\/v2\/pages\/1818\/revisions"}],"wp:attachment":[{"href":"https:\/\/tevinor.ar\/index.php\/wp-json\/wp\/v2\/media?parent=1818"}],"curies":[{"name":"wp","href":"https:\/\/api.w.org\/{rel}","templated":true}]}}