{"id":1855,"date":"2026-03-11T14:47:38","date_gmt":"2026-03-11T14:47:38","guid":{"rendered":"https:\/\/tevinor.ar\/?page_id=1855"},"modified":"2026-03-17T15:04:29","modified_gmt":"2026-03-17T15:04:29","slug":"nosotros","status":"publish","type":"page","link":"https:\/\/tevinor.ar\/index.php\/nosotros\/","title":{"rendered":"Nosotros"},"content":{"rendered":"\t\t<div data-elementor-type=\"wp-page\" data-elementor-id=\"1855\" class=\"elementor elementor-1855\" data-elementor-post-type=\"page\">\n\t\t\t\t<div class=\"aux-parallax-section elementor-element elementor-element-6e5287a e-flex e-con-boxed e-con e-parent\" data-id=\"6e5287a\" data-element_type=\"container\" data-e-type=\"container\">\n\t\t\t\t\t<div class=\"e-con-inner\">\n\t\t\t\t<div class=\"elementor-element elementor-element-3a67bf8 elementor-widget elementor-widget-heading\" data-id=\"3a67bf8\" data-element_type=\"widget\" data-e-type=\"widget\" data-widget_type=\"heading.default\">\n\t\t\t\t\t<h2 class=\"elementor-heading-title elementor-size-default\">NOSOTROS<\/h2>\t\t\t\t<\/div>\n\t\t\t\t<div class=\"elementor-element elementor-element-4ae78b6 elementor-widget elementor-widget-text-editor\" data-id=\"4ae78b6\" data-element_type=\"widget\" data-e-type=\"widget\" data-widget_type=\"text-editor.default\">\n\t\t\t\t\t\t\t\t\t<p style=\"text-align: center;\">Fabricamos soluciones funcionales y convenientes, que te acompa\u00f1an a lo largo del tiempo, que emocionan, y potencian tu trabajo. Dise\u00f1os creativos con alta calidad, pensados por especialistas en telas vin\u00edlicas, que entienden lo que necesitas. Estamos cerca desde hace m\u00e1s de 90 a\u00f1os, brind\u00e1ndote recursos para hacer tus sue\u00f1os realidad.<\/p>\t\t\t\t\t\t\t\t<\/div>\n\t\t\t\t<div class=\"elementor-element elementor-element-22e4003 elementor-widget elementor-widget-heading\" data-id=\"22e4003\" data-element_type=\"widget\" data-e-type=\"widget\" data-widget_type=\"heading.default\">\n\t\t\t\t\t<h2 class=\"elementor-heading-title elementor-size-default\">SOMOS UN EQUIPO<\/h2>\t\t\t\t<\/div>\n\t\t\t\t<div class=\"elementor-element elementor-element-c8c4448 elementor-widget elementor-widget-text-editor\" data-id=\"c8c4448\" data-element_type=\"widget\" data-e-type=\"widget\" data-widget_type=\"text-editor.default\">\n\t\t\t\t\t\t\t\t\t<p style=\"text-align: center;\">Somos un equipo, parte de una comunidad que trabaja para dise\u00f1ar los mejores productos de la manera m\u00e1s competitiva. Sabemos de telas vin\u00edlicas y estamos en la b\u00fasqueda constante de mejores aplicaciones.<\/p><p style=\"text-align: center;\">Entendemos tus necesidades y desarrollamos productos que les den respuesta eficientemente. Nos esforzamos para brindar la m\u00e1xima calidad en cada pieza y el mejor asesoramiento de la regi\u00f3n.<\/p>\t\t\t\t\t\t\t\t<\/div>\n\t\t\t\t\t<\/div>\n\t\t\t\t<\/div>\n\t\t<div class=\"aux-parallax-section elementor-element elementor-element-bfd3e18 e-flex e-con-boxed e-con e-parent\" data-id=\"bfd3e18\" data-element_type=\"container\" data-e-type=\"container\">\n\t\t\t\t\t<div class=\"e-con-inner\">\n\t\t\t\t<div class=\"elementor-element elementor-element-0554d39 elementor-widget elementor-widget-image\" data-id=\"0554d39\" data-element_type=\"widget\" data-e-type=\"widget\" data-widget_type=\"image.default\">\n\t\t\t\t\t\t\t\t\t\t\t\t\t\t\t\t<a href=\"https:\/\/tevinor.ar\/index.php\/nuestras-plantas\/\">\n\t\t\t\t\t\t\t<img fetchpriority=\"high\" decoding=\"async\" width=\"214\" height=\"274\" src=\"https:\/\/tevinor.ar\/wp-content\/uploads\/2026\/03\/NUESTRAS-PLANTAS-2.jpg\" class=\"elementor-animation-push attachment-large size-large wp-image-1960\" alt=\"\" srcset=\"https:\/\/tevinor.ar\/wp-content\/uploads\/2026\/03\/NUESTRAS-PLANTAS-2.jpg 214w, https:\/\/tevinor.ar\/wp-content\/uploads\/2026\/03\/NUESTRAS-PLANTAS-2-64x82.jpg 64w\" sizes=\"(max-width: 214px) 100vw, 214px\" \/>\t\t\t\t\t\t\t\t<\/a>\n\t\t\t\t\t\t\t\t\t\t\t\t\t\t\t<\/div>\n\t\t\t\t<div class=\"elementor-element elementor-element-73b96b9 elementor-widget elementor-widget-image\" data-id=\"73b96b9\" data-element_type=\"widget\" data-e-type=\"widget\" data-widget_type=\"image.default\">\n\t\t\t\t\t\t\t\t\t\t\t\t\t\t\t\t<a href=\"https:\/\/tevinor.ar\/index.php\/nuestros-valores\/\">\n\t\t\t\t\t\t\t<img decoding=\"async\" width=\"214\" height=\"274\" data-src=\"https:\/\/tevinor.ar\/wp-content\/uploads\/2026\/03\/nuestros-valores-2.jpg\" class=\"elementor-animation-push attachment-large size-large wp-image-1964 lazyload\" alt=\"\" data-srcset=\"https:\/\/tevinor.ar\/wp-content\/uploads\/2026\/03\/nuestros-valores-2.jpg 214w, https:\/\/tevinor.ar\/wp-content\/uploads\/2026\/03\/nuestros-valores-2-64x82.jpg 64w\" data-sizes=\"(max-width: 214px) 100vw, 214px\" src=\"data:image\/svg+xml;base64,PHN2ZyB3aWR0aD0iMSIgaGVpZ2h0PSIxIiB4bWxucz0iaHR0cDovL3d3dy53My5vcmcvMjAwMC9zdmciPjwvc3ZnPg==\" style=\"--smush-placeholder-width: 214px; --smush-placeholder-aspect-ratio: 214\/274;\" \/>\t\t\t\t\t\t\t\t<\/a>\n\t\t\t\t\t\t\t\t\t\t\t\t\t\t\t<\/div>\n\t\t\t\t<div class=\"elementor-element elementor-element-7f9da61 elementor-widget elementor-widget-image\" data-id=\"7f9da61\" data-element_type=\"widget\" data-e-type=\"widget\" data-widget_type=\"image.default\">\n\t\t\t\t\t\t\t\t\t\t\t\t\t\t\t\t<a href=\"https:\/\/tevinor.ar\/index.php\/nuestra-trayectoria\/\">\n\t\t\t\t\t\t\t<img decoding=\"async\" width=\"214\" height=\"274\" data-src=\"https:\/\/tevinor.ar\/wp-content\/uploads\/2026\/03\/nuestra-trayectoria-2.jpg\" class=\"elementor-animation-push attachment-large size-large wp-image-1952 lazyload\" alt=\"\" data-srcset=\"https:\/\/tevinor.ar\/wp-content\/uploads\/2026\/03\/nuestra-trayectoria-2.jpg 214w, https:\/\/tevinor.ar\/wp-content\/uploads\/2026\/03\/nuestra-trayectoria-2-64x82.jpg 64w\" data-sizes=\"(max-width: 214px) 100vw, 214px\" src=\"data:image\/svg+xml;base64,PHN2ZyB3aWR0aD0iMSIgaGVpZ2h0PSIxIiB4bWxucz0iaHR0cDovL3d3dy53My5vcmcvMjAwMC9zdmciPjwvc3ZnPg==\" style=\"--smush-placeholder-width: 214px; --smush-placeholder-aspect-ratio: 214\/274;\" \/>\t\t\t\t\t\t\t\t<\/a>\n\t\t\t\t\t\t\t\t\t\t\t\t\t\t\t<\/div>\n\t\t\t\t<div class=\"elementor-element elementor-element-ea387d6 elementor-widget elementor-widget-image\" data-id=\"ea387d6\" data-element_type=\"widget\" data-e-type=\"widget\" data-widget_type=\"image.default\">\n\t\t\t\t\t\t\t\t\t\t\t\t\t\t\t\t<a href=\"https:\/\/tevinor.ar\/index.php\/certificaciones\/\">\n\t\t\t\t\t\t\t<img decoding=\"async\" width=\"214\" height=\"274\" data-src=\"https:\/\/tevinor.ar\/wp-content\/uploads\/2026\/03\/CERTIFICACIONES-1.jpg\" class=\"elementor-animation-push attachment-large size-large wp-image-2318 lazyload\" alt=\"\" data-srcset=\"https:\/\/tevinor.ar\/wp-content\/uploads\/2026\/03\/CERTIFICACIONES-1.jpg 214w, https:\/\/tevinor.ar\/wp-content\/uploads\/2026\/03\/CERTIFICACIONES-1-64x82.jpg 64w\" data-sizes=\"(max-width: 214px) 100vw, 214px\" src=\"data:image\/svg+xml;base64,PHN2ZyB3aWR0aD0iMSIgaGVpZ2h0PSIxIiB4bWxucz0iaHR0cDovL3d3dy53My5vcmcvMjAwMC9zdmciPjwvc3ZnPg==\" style=\"--smush-placeholder-width: 214px; --smush-placeholder-aspect-ratio: 214\/274;\" \/>\t\t\t\t\t\t\t\t<\/a>\n\t\t\t\t\t\t\t\t\t\t\t\t\t\t\t<\/div>\n\t\t\t\t<div class=\"elementor-element elementor-element-42cae85 elementor-widget elementor-widget-image\" data-id=\"42cae85\" data-element_type=\"widget\" data-e-type=\"widget\" data-widget_type=\"image.default\">\n\t\t\t\t\t\t\t\t\t\t\t\t\t\t\t\t<a href=\"https:\/\/tevinor.ar\/index.php\/politica-de-calidad\/\">\n\t\t\t\t\t\t\t<img decoding=\"async\" width=\"214\" height=\"274\" data-src=\"https:\/\/tevinor.ar\/wp-content\/uploads\/2026\/03\/POLITICA-DE-CALIDAD-1.jpg\" class=\"elementor-animation-push attachment-large size-large wp-image-2322 lazyload\" alt=\"\" data-srcset=\"https:\/\/tevinor.ar\/wp-content\/uploads\/2026\/03\/POLITICA-DE-CALIDAD-1.jpg 214w, https:\/\/tevinor.ar\/wp-content\/uploads\/2026\/03\/POLITICA-DE-CALIDAD-1-64x82.jpg 64w\" data-sizes=\"(max-width: 214px) 100vw, 214px\" src=\"data:image\/svg+xml;base64,PHN2ZyB3aWR0aD0iMSIgaGVpZ2h0PSIxIiB4bWxucz0iaHR0cDovL3d3dy53My5vcmcvMjAwMC9zdmciPjwvc3ZnPg==\" style=\"--smush-placeholder-width: 214px; --smush-placeholder-aspect-ratio: 214\/274;\" \/>\t\t\t\t\t\t\t\t<\/a>\n\t\t\t\t\t\t\t\t\t\t\t\t\t\t\t<\/div>\n\t\t\t\t\t<\/div>\n\t\t\t\t<\/div>\n\t\t<div class=\"aux-parallax-section elementor-element elementor-element-7e0991e e-flex e-con-boxed e-con e-parent\" data-id=\"7e0991e\" data-element_type=\"container\" data-e-type=\"container\">\n\t\t\t\t\t<div class=\"e-con-inner\">\n\t\t\t\t<div class=\"elementor-element elementor-element-262efad elementor-widget elementor-widget-spacer\" data-id=\"262efad\" data-element_type=\"widget\" data-e-type=\"widget\" data-widget_type=\"spacer.default\">\n\t\t\t\t\t\t\t<div class=\"elementor-spacer\">\n\t\t\t<div class=\"elementor-spacer-inner\"><\/div>\n\t\t<\/div>\n\t\t\t\t\t\t<\/div>\n\t\t\t\t\t<\/div>\n\t\t\t\t<\/div>\n\t\t\t\t<\/div>\n\t\t","protected":false},"excerpt":{"rendered":"<p>NOSOTROS Fabricamos soluciones funcionales y convenientes, que te acompa\u00f1an a lo largo del tiempo, que emocionan, y potencian tu trabajo. Dise\u00f1os creativos con alta calidad, pensados por especialistas en telas vin\u00edlicas, que entienden lo que necesitas. Estamos cerca desde hace m\u00e1s de 90 a\u00f1os, brind\u00e1ndote recursos para hacer tus sue\u00f1os realidad. SOMOS UN EQUIPO Somos [&hellip;]<\/p>\n","protected":false},"author":1,"featured_media":0,"parent":0,"menu_order":0,"comment_status":"closed","ping_status":"closed","template":"elementor_header_footer","meta":{"_joinchat":[],"footnotes":""},"class_list":["post-1855","page","type-page","status-publish","hentry"],"yoast_head":"<!-- This site is optimized with the Yoast SEO plugin v27.4 - https:\/\/yoast.com\/product\/yoast-seo-wordpress\/ -->\n<title>Tevinor. Nosotros<\/title>\n<meta name=\"description\" content=\"Con m\u00e1s de 90 a\u00f1os de trayectoria, Tevinor es l\u00edder en la fabricaci\u00f3n de tejidos vin\u00edlicos de alta calidad en Argentina. Innovaci\u00f3n y durabilidad garantizada.\" \/>\n<meta name=\"robots\" content=\"index, follow, max-snippet:-1, max-image-preview:large, max-video-preview:-1\" \/>\n<link rel=\"canonical\" href=\"https:\/\/tevinor.ar\/index.php\/nosotros\/\" \/>\n<meta property=\"og:locale\" content=\"es_ES\" \/>\n<meta property=\"og:type\" content=\"article\" \/>\n<meta property=\"og:title\" content=\"Tevinor. Nosotros\" \/>\n<meta property=\"og:description\" content=\"Con m\u00e1s de 90 a\u00f1os de trayectoria, Tevinor es l\u00edder en la fabricaci\u00f3n de tejidos vin\u00edlicos de alta calidad en Argentina. Innovaci\u00f3n y durabilidad garantizada.\" \/>\n<meta property=\"og:url\" content=\"https:\/\/tevinor.ar\/index.php\/nosotros\/\" \/>\n<meta property=\"og:site_name\" content=\"Tevinor\" \/>\n<meta property=\"article:modified_time\" content=\"2026-03-17T15:04:29+00:00\" \/>\n<meta property=\"og:image\" content=\"https:\/\/tevinor.ar\/wp-content\/uploads\/2026\/03\/NUESTRAS-PLANTAS-2.jpg\" \/>\n\t<meta property=\"og:image:width\" content=\"214\" \/>\n\t<meta property=\"og:image:height\" content=\"274\" \/>\n\t<meta property=\"og:image:type\" content=\"image\/jpeg\" \/>\n<meta name=\"twitter:card\" content=\"summary_large_image\" \/>\n<meta name=\"twitter:label1\" content=\"Tiempo de lectura\" \/>\n\t<meta name=\"twitter:data1\" content=\"2 minutos\" \/>\n<script type=\"application\/ld+json\" class=\"yoast-schema-graph\">{\"@context\":\"https:\\\/\\\/schema.org\",\"@graph\":[{\"@type\":\"WebPage\",\"@id\":\"https:\\\/\\\/tevinor.ar\\\/index.php\\\/nosotros\\\/\",\"url\":\"https:\\\/\\\/tevinor.ar\\\/index.php\\\/nosotros\\\/\",\"name\":\"Tevinor. Nosotros\",\"isPartOf\":{\"@id\":\"https:\\\/\\\/tevinor.ar\\\/#website\"},\"primaryImageOfPage\":{\"@id\":\"https:\\\/\\\/tevinor.ar\\\/index.php\\\/nosotros\\\/#primaryimage\"},\"image\":{\"@id\":\"https:\\\/\\\/tevinor.ar\\\/index.php\\\/nosotros\\\/#primaryimage\"},\"thumbnailUrl\":\"https:\\\/\\\/tevinor.ar\\\/wp-content\\\/uploads\\\/2026\\\/03\\\/NUESTRAS-PLANTAS-2.jpg\",\"datePublished\":\"2026-03-11T14:47:38+00:00\",\"dateModified\":\"2026-03-17T15:04:29+00:00\",\"description\":\"Con m\u00e1s de 90 a\u00f1os de trayectoria, Tevinor es l\u00edder en la fabricaci\u00f3n de tejidos vin\u00edlicos de alta calidad en Argentina. Innovaci\u00f3n y durabilidad garantizada.\",\"breadcrumb\":{\"@id\":\"https:\\\/\\\/tevinor.ar\\\/index.php\\\/nosotros\\\/#breadcrumb\"},\"inLanguage\":\"es\",\"potentialAction\":[{\"@type\":\"ReadAction\",\"target\":[\"https:\\\/\\\/tevinor.ar\\\/index.php\\\/nosotros\\\/\"]}]},{\"@type\":\"ImageObject\",\"inLanguage\":\"es\",\"@id\":\"https:\\\/\\\/tevinor.ar\\\/index.php\\\/nosotros\\\/#primaryimage\",\"url\":\"https:\\\/\\\/tevinor.ar\\\/wp-content\\\/uploads\\\/2026\\\/03\\\/NUESTRAS-PLANTAS-2.jpg\",\"contentUrl\":\"https:\\\/\\\/tevinor.ar\\\/wp-content\\\/uploads\\\/2026\\\/03\\\/NUESTRAS-PLANTAS-2.jpg\",\"width\":214,\"height\":274},{\"@type\":\"BreadcrumbList\",\"@id\":\"https:\\\/\\\/tevinor.ar\\\/index.php\\\/nosotros\\\/#breadcrumb\",\"itemListElement\":[{\"@type\":\"ListItem\",\"position\":1,\"name\":\"Portada\",\"item\":\"https:\\\/\\\/tevinor.ar\\\/\"},{\"@type\":\"ListItem\",\"position\":2,\"name\":\"Nosotros\"}]},{\"@type\":\"WebSite\",\"@id\":\"https:\\\/\\\/tevinor.ar\\\/#website\",\"url\":\"https:\\\/\\\/tevinor.ar\\\/\",\"name\":\"Tevinor\",\"description\":\"Telas y Productos vin\u00edlicos\",\"publisher\":{\"@id\":\"https:\\\/\\\/tevinor.ar\\\/#organization\"},\"potentialAction\":[{\"@type\":\"SearchAction\",\"target\":{\"@type\":\"EntryPoint\",\"urlTemplate\":\"https:\\\/\\\/tevinor.ar\\\/?s={search_term_string}\"},\"query-input\":{\"@type\":\"PropertyValueSpecification\",\"valueRequired\":true,\"valueName\":\"search_term_string\"}}],\"inLanguage\":\"es\"},{\"@type\":\"Organization\",\"@id\":\"https:\\\/\\\/tevinor.ar\\\/#organization\",\"name\":\"Tevinor\",\"url\":\"https:\\\/\\\/tevinor.ar\\\/\",\"logo\":{\"@type\":\"ImageObject\",\"inLanguage\":\"es\",\"@id\":\"https:\\\/\\\/tevinor.ar\\\/#\\\/schema\\\/logo\\\/image\\\/\",\"url\":\"https:\\\/\\\/tevinor.ar\\\/wp-content\\\/uploads\\\/2026\\\/02\\\/logo-tevinor.png\",\"contentUrl\":\"https:\\\/\\\/tevinor.ar\\\/wp-content\\\/uploads\\\/2026\\\/02\\\/logo-tevinor.png\",\"width\":630,\"height\":169,\"caption\":\"Tevinor\"},\"image\":{\"@id\":\"https:\\\/\\\/tevinor.ar\\\/#\\\/schema\\\/logo\\\/image\\\/\"}}]}<\/script>\n<!-- \/ Yoast SEO plugin. -->","yoast_head_json":{"title":"Tevinor. Nosotros","description":"Con m\u00e1s de 90 a\u00f1os de trayectoria, Tevinor es l\u00edder en la fabricaci\u00f3n de tejidos vin\u00edlicos de alta calidad en Argentina. Innovaci\u00f3n y durabilidad garantizada.","robots":{"index":"index","follow":"follow","max-snippet":"max-snippet:-1","max-image-preview":"max-image-preview:large","max-video-preview":"max-video-preview:-1"},"canonical":"https:\/\/tevinor.ar\/index.php\/nosotros\/","og_locale":"es_ES","og_type":"article","og_title":"Tevinor. Nosotros","og_description":"Con m\u00e1s de 90 a\u00f1os de trayectoria, Tevinor es l\u00edder en la fabricaci\u00f3n de tejidos vin\u00edlicos de alta calidad en Argentina. Innovaci\u00f3n y durabilidad garantizada.","og_url":"https:\/\/tevinor.ar\/index.php\/nosotros\/","og_site_name":"Tevinor","article_modified_time":"2026-03-17T15:04:29+00:00","og_image":[{"width":214,"height":274,"url":"https:\/\/tevinor.ar\/wp-content\/uploads\/2026\/03\/NUESTRAS-PLANTAS-2.jpg","type":"image\/jpeg"}],"twitter_card":"summary_large_image","twitter_misc":{"Tiempo de lectura":"2 minutos"},"schema":{"@context":"https:\/\/schema.org","@graph":[{"@type":"WebPage","@id":"https:\/\/tevinor.ar\/index.php\/nosotros\/","url":"https:\/\/tevinor.ar\/index.php\/nosotros\/","name":"Tevinor. Nosotros","isPartOf":{"@id":"https:\/\/tevinor.ar\/#website"},"primaryImageOfPage":{"@id":"https:\/\/tevinor.ar\/index.php\/nosotros\/#primaryimage"},"image":{"@id":"https:\/\/tevinor.ar\/index.php\/nosotros\/#primaryimage"},"thumbnailUrl":"https:\/\/tevinor.ar\/wp-content\/uploads\/2026\/03\/NUESTRAS-PLANTAS-2.jpg","datePublished":"2026-03-11T14:47:38+00:00","dateModified":"2026-03-17T15:04:29+00:00","description":"Con m\u00e1s de 90 a\u00f1os de trayectoria, Tevinor es l\u00edder en la fabricaci\u00f3n de tejidos vin\u00edlicos de alta calidad en Argentina. Innovaci\u00f3n y durabilidad garantizada.","breadcrumb":{"@id":"https:\/\/tevinor.ar\/index.php\/nosotros\/#breadcrumb"},"inLanguage":"es","potentialAction":[{"@type":"ReadAction","target":["https:\/\/tevinor.ar\/index.php\/nosotros\/"]}]},{"@type":"ImageObject","inLanguage":"es","@id":"https:\/\/tevinor.ar\/index.php\/nosotros\/#primaryimage","url":"https:\/\/tevinor.ar\/wp-content\/uploads\/2026\/03\/NUESTRAS-PLANTAS-2.jpg","contentUrl":"https:\/\/tevinor.ar\/wp-content\/uploads\/2026\/03\/NUESTRAS-PLANTAS-2.jpg","width":214,"height":274},{"@type":"BreadcrumbList","@id":"https:\/\/tevinor.ar\/index.php\/nosotros\/#breadcrumb","itemListElement":[{"@type":"ListItem","position":1,"name":"Portada","item":"https:\/\/tevinor.ar\/"},{"@type":"ListItem","position":2,"name":"Nosotros"}]},{"@type":"WebSite","@id":"https:\/\/tevinor.ar\/#website","url":"https:\/\/tevinor.ar\/","name":"Tevinor","description":"Telas y Productos vin\u00edlicos","publisher":{"@id":"https:\/\/tevinor.ar\/#organization"},"potentialAction":[{"@type":"SearchAction","target":{"@type":"EntryPoint","urlTemplate":"https:\/\/tevinor.ar\/?s={search_term_string}"},"query-input":{"@type":"PropertyValueSpecification","valueRequired":true,"valueName":"search_term_string"}}],"inLanguage":"es"},{"@type":"Organization","@id":"https:\/\/tevinor.ar\/#organization","name":"Tevinor","url":"https:\/\/tevinor.ar\/","logo":{"@type":"ImageObject","inLanguage":"es","@id":"https:\/\/tevinor.ar\/#\/schema\/logo\/image\/","url":"https:\/\/tevinor.ar\/wp-content\/uploads\/2026\/02\/logo-tevinor.png","contentUrl":"https:\/\/tevinor.ar\/wp-content\/uploads\/2026\/02\/logo-tevinor.png","width":630,"height":169,"caption":"Tevinor"},"image":{"@id":"https:\/\/tevinor.ar\/#\/schema\/logo\/image\/"}}]}},"_links":{"self":[{"href":"https:\/\/tevinor.ar\/index.php\/wp-json\/wp\/v2\/pages\/1855","targetHints":{"allow":["GET"]}}],"collection":[{"href":"https:\/\/tevinor.ar\/index.php\/wp-json\/wp\/v2\/pages"}],"about":[{"href":"https:\/\/tevinor.ar\/index.php\/wp-json\/wp\/v2\/types\/page"}],"author":[{"embeddable":true,"href":"https:\/\/tevinor.ar\/index.php\/wp-json\/wp\/v2\/users\/1"}],"replies":[{"embeddable":true,"href":"https:\/\/tevinor.ar\/index.php\/wp-json\/wp\/v2\/comments?post=1855"}],"version-history":[{"count":0,"href":"https:\/\/tevinor.ar\/index.php\/wp-json\/wp\/v2\/pages\/1855\/revisions"}],"wp:attachment":[{"href":"https:\/\/tevinor.ar\/index.php\/wp-json\/wp\/v2\/media?parent=1855"}],"curies":[{"name":"wp","href":"https:\/\/api.w.org\/{rel}","templated":true}]}}