{"id":2043,"date":"2026-03-11T16:12:33","date_gmt":"2026-03-11T16:12:33","guid":{"rendered":"https:\/\/tevinor.ar\/?page_id=2043"},"modified":"2026-03-20T14:07:39","modified_gmt":"2026-03-20T14:07:39","slug":"nuestros-valores","status":"publish","type":"page","link":"https:\/\/tevinor.ar\/index.php\/nuestros-valores\/","title":{"rendered":"Nuestros Valores"},"content":{"rendered":"\t\t<div data-elementor-type=\"wp-page\" data-elementor-id=\"2043\" class=\"elementor elementor-2043\" data-elementor-post-type=\"page\">\n\t\t\t\t<div class=\"aux-parallax-section elementor-element elementor-element-6e5287a e-flex e-con-boxed e-con e-parent\" data-id=\"6e5287a\" data-element_type=\"container\" data-e-type=\"container\">\n\t\t\t\t\t<div class=\"e-con-inner\">\n\t\t\t\t<div class=\"elementor-element elementor-element-22e4003 elementor-widget elementor-widget-heading\" data-id=\"22e4003\" data-element_type=\"widget\" data-e-type=\"widget\" data-widget_type=\"heading.default\">\n\t\t\t\t\t<h2 class=\"elementor-heading-title elementor-size-default\">NUESTROS VALORES<\/h2>\t\t\t\t<\/div>\n\t\t\t\t<div class=\"elementor-element elementor-element-3a67bf8 elementor-widget elementor-widget-heading\" data-id=\"3a67bf8\" data-element_type=\"widget\" data-e-type=\"widget\" data-widget_type=\"heading.default\">\n\t\t\t\t\t<h2 class=\"elementor-heading-title elementor-size-default\">SOMOS UNA EMPRESA ARGENTINA<\/h2>\t\t\t\t<\/div>\n\t\t\t\t<div class=\"elementor-element elementor-element-4ae78b6 elementor-widget elementor-widget-text-editor\" data-id=\"4ae78b6\" data-element_type=\"widget\" data-e-type=\"widget\" data-widget_type=\"text-editor.default\">\n\t\t\t\t\t\t\t\t\t<p style=\"text-align: center;\">Con m\u00e1s de 90 a\u00f1os de historia. Trabajamos con la mejora continua como principio para lograr la satisfacci\u00f3n de todos nuestros clientes. Hacemos productos con altos est\u00e1ndares de calidad, que nos representan. Integramos todas<\/p>\t\t\t\t\t\t\t\t<\/div>\n\t\t\t\t\t<\/div>\n\t\t\t\t<\/div>\n\t\t<div class=\"aux-parallax-section elementor-element elementor-element-f7fed8d e-flex e-con-boxed e-con e-parent\" data-id=\"f7fed8d\" data-element_type=\"container\" data-e-type=\"container\">\n\t\t\t\t\t<div class=\"e-con-inner\">\n\t\t<div class=\"elementor-element elementor-element-368d6fb e-con-full e-flex e-con e-child\" data-id=\"368d6fb\" data-element_type=\"container\" data-e-type=\"container\">\n\t\t<div class=\"elementor-element elementor-element-c420cfd e-grid e-con-full e-con e-child\" data-id=\"c420cfd\" data-element_type=\"container\" data-e-type=\"container\">\n\t\t\t\t<div class=\"elementor-element elementor-element-0554d39 elementor-widget elementor-widget-image\" data-id=\"0554d39\" data-element_type=\"widget\" data-e-type=\"widget\" data-widget_type=\"image.default\">\n\t\t\t\t\t\t\t\t\t\t\t\t\t\t\t<img decoding=\"async\" width=\"200\" height=\"200\" data-src=\"https:\/\/tevinor.ar\/wp-content\/uploads\/2026\/03\/valores-0001.jpg\" class=\"elementor-animation-push attachment-large size-large wp-image-2046 lazyload\" alt=\"\" data-srcset=\"https:\/\/tevinor.ar\/wp-content\/uploads\/2026\/03\/valores-0001.jpg 200w, https:\/\/tevinor.ar\/wp-content\/uploads\/2026\/03\/valores-0001-150x150.jpg 150w, https:\/\/tevinor.ar\/wp-content\/uploads\/2026\/03\/valores-0001-100x100.jpg 100w, https:\/\/tevinor.ar\/wp-content\/uploads\/2026\/03\/valores-0001-64x64.jpg 64w\" data-sizes=\"(max-width: 200px) 100vw, 200px\" src=\"data:image\/svg+xml;base64,PHN2ZyB3aWR0aD0iMSIgaGVpZ2h0PSIxIiB4bWxucz0iaHR0cDovL3d3dy53My5vcmcvMjAwMC9zdmciPjwvc3ZnPg==\" style=\"--smush-placeholder-width: 200px; --smush-placeholder-aspect-ratio: 200\/200;\" \/>\t\t\t\t\t\t\t\t\t\t\t\t\t\t\t<\/div>\n\t\t\t\t<div class=\"elementor-element elementor-element-1e143a4 elementor-widget elementor-widget-heading\" data-id=\"1e143a4\" data-element_type=\"widget\" data-e-type=\"widget\" data-widget_type=\"heading.default\">\n\t\t\t\t\t<h2 class=\"elementor-heading-title elementor-size-default\">Dise\u00f1o<\/h2>\t\t\t\t<\/div>\n\t\t\t\t<\/div>\n\t\t<div class=\"elementor-element elementor-element-08ebae9 e-grid e-con-full e-con e-child\" data-id=\"08ebae9\" data-element_type=\"container\" data-e-type=\"container\">\n\t\t\t\t<div class=\"elementor-element elementor-element-73b96b9 elementor-widget elementor-widget-image\" data-id=\"73b96b9\" data-element_type=\"widget\" data-e-type=\"widget\" data-widget_type=\"image.default\">\n\t\t\t\t\t\t\t\t\t\t\t\t\t\t\t<img decoding=\"async\" width=\"200\" height=\"200\" data-src=\"https:\/\/tevinor.ar\/wp-content\/uploads\/2026\/03\/valores-0002.jpg\" class=\"attachment-large size-large wp-image-2047 lazyload\" alt=\"\" data-srcset=\"https:\/\/tevinor.ar\/wp-content\/uploads\/2026\/03\/valores-0002.jpg 200w, https:\/\/tevinor.ar\/wp-content\/uploads\/2026\/03\/valores-0002-150x150.jpg 150w, https:\/\/tevinor.ar\/wp-content\/uploads\/2026\/03\/valores-0002-100x100.jpg 100w, https:\/\/tevinor.ar\/wp-content\/uploads\/2026\/03\/valores-0002-64x64.jpg 64w\" data-sizes=\"(max-width: 200px) 100vw, 200px\" src=\"data:image\/svg+xml;base64,PHN2ZyB3aWR0aD0iMSIgaGVpZ2h0PSIxIiB4bWxucz0iaHR0cDovL3d3dy53My5vcmcvMjAwMC9zdmciPjwvc3ZnPg==\" style=\"--smush-placeholder-width: 200px; --smush-placeholder-aspect-ratio: 200\/200;\" \/>\t\t\t\t\t\t\t\t\t\t\t\t\t\t\t<\/div>\n\t\t\t\t<div class=\"elementor-element elementor-element-7dfcea6 elementor-widget elementor-widget-heading\" data-id=\"7dfcea6\" data-element_type=\"widget\" data-e-type=\"widget\" data-widget_type=\"heading.default\">\n\t\t\t\t\t<h2 class=\"elementor-heading-title elementor-size-default\">Fabricaci\u00f3n<\/h2>\t\t\t\t<\/div>\n\t\t\t\t<\/div>\n\t\t<div class=\"elementor-element elementor-element-0943560 e-grid e-con-full e-con e-child\" data-id=\"0943560\" data-element_type=\"container\" data-e-type=\"container\">\n\t\t\t\t<div class=\"elementor-element elementor-element-7f9da61 elementor-widget elementor-widget-image\" data-id=\"7f9da61\" data-element_type=\"widget\" data-e-type=\"widget\" data-widget_type=\"image.default\">\n\t\t\t\t\t\t\t\t\t\t\t\t\t\t\t<img decoding=\"async\" width=\"200\" height=\"200\" data-src=\"https:\/\/tevinor.ar\/wp-content\/uploads\/2026\/03\/valores-0003.jpg\" class=\"attachment-large size-large wp-image-2048 lazyload\" alt=\"\" data-srcset=\"https:\/\/tevinor.ar\/wp-content\/uploads\/2026\/03\/valores-0003.jpg 200w, https:\/\/tevinor.ar\/wp-content\/uploads\/2026\/03\/valores-0003-150x150.jpg 150w, https:\/\/tevinor.ar\/wp-content\/uploads\/2026\/03\/valores-0003-100x100.jpg 100w, https:\/\/tevinor.ar\/wp-content\/uploads\/2026\/03\/valores-0003-64x64.jpg 64w\" data-sizes=\"(max-width: 200px) 100vw, 200px\" src=\"data:image\/svg+xml;base64,PHN2ZyB3aWR0aD0iMSIgaGVpZ2h0PSIxIiB4bWxucz0iaHR0cDovL3d3dy53My5vcmcvMjAwMC9zdmciPjwvc3ZnPg==\" style=\"--smush-placeholder-width: 200px; --smush-placeholder-aspect-ratio: 200\/200;\" \/>\t\t\t\t\t\t\t\t\t\t\t\t\t\t\t<\/div>\n\t\t\t\t<div class=\"elementor-element elementor-element-ca29c7c elementor-widget elementor-widget-heading\" data-id=\"ca29c7c\" data-element_type=\"widget\" data-e-type=\"widget\" data-widget_type=\"heading.default\">\n\t\t\t\t\t<h2 class=\"elementor-heading-title elementor-size-default\">Distribuci\u00f3n<\/h2>\t\t\t\t<\/div>\n\t\t\t\t<\/div>\n\t\t<div class=\"elementor-element elementor-element-a909e06 e-grid e-con-full e-con e-child\" data-id=\"a909e06\" data-element_type=\"container\" data-e-type=\"container\">\n\t\t\t\t<div class=\"elementor-element elementor-element-92841a7 elementor-widget elementor-widget-image\" data-id=\"92841a7\" data-element_type=\"widget\" data-e-type=\"widget\" data-widget_type=\"image.default\">\n\t\t\t\t\t\t\t\t\t\t\t\t\t\t\t<img decoding=\"async\" width=\"200\" height=\"200\" data-src=\"https:\/\/tevinor.ar\/wp-content\/uploads\/2026\/03\/valores-0004.jpg\" class=\"attachment-large size-large wp-image-2049 lazyload\" alt=\"\" data-srcset=\"https:\/\/tevinor.ar\/wp-content\/uploads\/2026\/03\/valores-0004.jpg 200w, https:\/\/tevinor.ar\/wp-content\/uploads\/2026\/03\/valores-0004-150x150.jpg 150w, https:\/\/tevinor.ar\/wp-content\/uploads\/2026\/03\/valores-0004-100x100.jpg 100w, https:\/\/tevinor.ar\/wp-content\/uploads\/2026\/03\/valores-0004-64x64.jpg 64w\" data-sizes=\"(max-width: 200px) 100vw, 200px\" src=\"data:image\/svg+xml;base64,PHN2ZyB3aWR0aD0iMSIgaGVpZ2h0PSIxIiB4bWxucz0iaHR0cDovL3d3dy53My5vcmcvMjAwMC9zdmciPjwvc3ZnPg==\" style=\"--smush-placeholder-width: 200px; --smush-placeholder-aspect-ratio: 200\/200;\" \/>\t\t\t\t\t\t\t\t\t\t\t\t\t\t\t<\/div>\n\t\t\t\t<div class=\"elementor-element elementor-element-e6ffe1f elementor-widget elementor-widget-heading\" data-id=\"e6ffe1f\" data-element_type=\"widget\" data-e-type=\"widget\" data-widget_type=\"heading.default\">\n\t\t\t\t\t<h2 class=\"elementor-heading-title elementor-size-default\">Comercializaci\u00f3n<\/h2>\t\t\t\t<\/div>\n\t\t\t\t<\/div>\n\t\t\t\t<\/div>\n\t\t\t\t\t<\/div>\n\t\t\t\t<\/div>\n\t\t<div class=\"aux-parallax-section elementor-element elementor-element-43531c4a e-flex e-con-boxed e-con e-parent\" data-id=\"43531c4a\" data-element_type=\"container\" data-e-type=\"container\">\n\t\t\t\t\t<div class=\"e-con-inner\">\n\t\t\t\t<div class=\"elementor-element elementor-element-72d9ae5e elementor-align-center elementor-widget elementor-widget-button\" data-id=\"72d9ae5e\" data-element_type=\"widget\" data-e-type=\"widget\" data-widget_type=\"button.default\">\n\t\t\t\t\t\t\t\t\t\t<a class=\"elementor-button elementor-button-link elementor-size-sm\" href=\"https:\/\/tevinor.ar\/index.php\/nosotros\/\">\n\t\t\t\t\t\t<span class=\"elementor-button-content-wrapper\">\n\t\t\t\t\t\t\t\t\t<span class=\"elementor-button-text\">&lt; VOLVER<\/span>\n\t\t\t\t\t<\/span>\n\t\t\t\t\t<\/a>\n\t\t\t\t\t\t\t\t<\/div>\n\t\t\t\t\t<\/div>\n\t\t\t\t<\/div>\n\t\t<div class=\"aux-parallax-section elementor-element elementor-element-7e0991e e-flex e-con-boxed e-con e-parent\" data-id=\"7e0991e\" data-element_type=\"container\" data-e-type=\"container\">\n\t\t\t\t\t<div class=\"e-con-inner\">\n\t\t\t\t<div class=\"elementor-element elementor-element-262efad elementor-widget elementor-widget-spacer\" data-id=\"262efad\" data-element_type=\"widget\" data-e-type=\"widget\" data-widget_type=\"spacer.default\">\n\t\t\t\t\t\t\t<div class=\"elementor-spacer\">\n\t\t\t<div class=\"elementor-spacer-inner\"><\/div>\n\t\t<\/div>\n\t\t\t\t\t\t<\/div>\n\t\t\t\t\t<\/div>\n\t\t\t\t<\/div>\n\t\t\t\t<\/div>\n\t\t","protected":false},"excerpt":{"rendered":"<p>NUESTROS VALORES SOMOS UNA EMPRESA ARGENTINA Con m\u00e1s de 90 a\u00f1os de historia. Trabajamos con la mejora continua como principio para lograr la satisfacci\u00f3n de todos nuestros clientes. Hacemos productos con altos est\u00e1ndares de calidad, que nos representan. Integramos todas Dise\u00f1o Fabricaci\u00f3n Distribuci\u00f3n Comercializaci\u00f3n &lt; VOLVER<\/p>\n","protected":false},"author":1,"featured_media":0,"parent":0,"menu_order":0,"comment_status":"closed","ping_status":"closed","template":"","meta":{"_joinchat":[],"footnotes":""},"class_list":["post-2043","page","type-page","status-publish","hentry"],"yoast_head":"<!-- This site is optimized with the Yoast SEO plugin v27.4 - https:\/\/yoast.com\/product\/yoast-seo-wordpress\/ -->\n<title>Tevinor. Nuestros Valores<\/title>\n<meta name=\"description\" content=\"Con m\u00e1s de 90 a\u00f1os de trayectoria, Tevinor es l\u00edder en la fabricaci\u00f3n de tejidos vin\u00edlicos de alta calidad en Argentina. Innovaci\u00f3n y durabilidad garantizada.\" \/>\n<meta name=\"robots\" content=\"index, follow, max-snippet:-1, max-image-preview:large, max-video-preview:-1\" \/>\n<link rel=\"canonical\" href=\"https:\/\/tevinor.ar\/index.php\/nuestros-valores\/\" \/>\n<meta property=\"og:locale\" content=\"es_ES\" \/>\n<meta property=\"og:type\" content=\"article\" \/>\n<meta property=\"og:title\" content=\"Tevinor. Nuestros Valores\" \/>\n<meta property=\"og:description\" content=\"Con m\u00e1s de 90 a\u00f1os de trayectoria, Tevinor es l\u00edder en la fabricaci\u00f3n de tejidos vin\u00edlicos de alta calidad en Argentina. Innovaci\u00f3n y durabilidad garantizada.\" \/>\n<meta property=\"og:url\" content=\"https:\/\/tevinor.ar\/index.php\/nuestros-valores\/\" \/>\n<meta property=\"og:site_name\" content=\"Tevinor\" \/>\n<meta property=\"article:modified_time\" content=\"2026-03-20T14:07:39+00:00\" \/>\n<meta property=\"og:image\" content=\"https:\/\/tevinor.ar\/wp-content\/uploads\/2026\/03\/valores-0001.jpg\" \/>\n\t<meta property=\"og:image:width\" content=\"200\" \/>\n\t<meta property=\"og:image:height\" content=\"200\" \/>\n\t<meta property=\"og:image:type\" content=\"image\/jpeg\" \/>\n<meta name=\"twitter:card\" content=\"summary_large_image\" \/>\n<meta name=\"twitter:label1\" content=\"Tiempo de lectura\" \/>\n\t<meta name=\"twitter:data1\" content=\"1 minuto\" \/>\n<script type=\"application\/ld+json\" class=\"yoast-schema-graph\">{\"@context\":\"https:\\\/\\\/schema.org\",\"@graph\":[{\"@type\":\"WebPage\",\"@id\":\"https:\\\/\\\/tevinor.ar\\\/index.php\\\/nuestros-valores\\\/\",\"url\":\"https:\\\/\\\/tevinor.ar\\\/index.php\\\/nuestros-valores\\\/\",\"name\":\"Tevinor. Nuestros Valores\",\"isPartOf\":{\"@id\":\"https:\\\/\\\/tevinor.ar\\\/#website\"},\"primaryImageOfPage\":{\"@id\":\"https:\\\/\\\/tevinor.ar\\\/index.php\\\/nuestros-valores\\\/#primaryimage\"},\"image\":{\"@id\":\"https:\\\/\\\/tevinor.ar\\\/index.php\\\/nuestros-valores\\\/#primaryimage\"},\"thumbnailUrl\":\"https:\\\/\\\/tevinor.ar\\\/wp-content\\\/uploads\\\/2026\\\/03\\\/valores-0001.jpg\",\"datePublished\":\"2026-03-11T16:12:33+00:00\",\"dateModified\":\"2026-03-20T14:07:39+00:00\",\"description\":\"Con m\u00e1s de 90 a\u00f1os de trayectoria, Tevinor es l\u00edder en la fabricaci\u00f3n de tejidos vin\u00edlicos de alta calidad en Argentina. Innovaci\u00f3n y durabilidad garantizada.\",\"breadcrumb\":{\"@id\":\"https:\\\/\\\/tevinor.ar\\\/index.php\\\/nuestros-valores\\\/#breadcrumb\"},\"inLanguage\":\"es\",\"potentialAction\":[{\"@type\":\"ReadAction\",\"target\":[\"https:\\\/\\\/tevinor.ar\\\/index.php\\\/nuestros-valores\\\/\"]}]},{\"@type\":\"ImageObject\",\"inLanguage\":\"es\",\"@id\":\"https:\\\/\\\/tevinor.ar\\\/index.php\\\/nuestros-valores\\\/#primaryimage\",\"url\":\"https:\\\/\\\/tevinor.ar\\\/wp-content\\\/uploads\\\/2026\\\/03\\\/valores-0001.jpg\",\"contentUrl\":\"https:\\\/\\\/tevinor.ar\\\/wp-content\\\/uploads\\\/2026\\\/03\\\/valores-0001.jpg\",\"width\":200,\"height\":200},{\"@type\":\"BreadcrumbList\",\"@id\":\"https:\\\/\\\/tevinor.ar\\\/index.php\\\/nuestros-valores\\\/#breadcrumb\",\"itemListElement\":[{\"@type\":\"ListItem\",\"position\":1,\"name\":\"Portada\",\"item\":\"https:\\\/\\\/tevinor.ar\\\/\"},{\"@type\":\"ListItem\",\"position\":2,\"name\":\"Nuestros Valores\"}]},{\"@type\":\"WebSite\",\"@id\":\"https:\\\/\\\/tevinor.ar\\\/#website\",\"url\":\"https:\\\/\\\/tevinor.ar\\\/\",\"name\":\"Tevinor\",\"description\":\"Telas y Productos vin\u00edlicos\",\"publisher\":{\"@id\":\"https:\\\/\\\/tevinor.ar\\\/#organization\"},\"potentialAction\":[{\"@type\":\"SearchAction\",\"target\":{\"@type\":\"EntryPoint\",\"urlTemplate\":\"https:\\\/\\\/tevinor.ar\\\/?s={search_term_string}\"},\"query-input\":{\"@type\":\"PropertyValueSpecification\",\"valueRequired\":true,\"valueName\":\"search_term_string\"}}],\"inLanguage\":\"es\"},{\"@type\":\"Organization\",\"@id\":\"https:\\\/\\\/tevinor.ar\\\/#organization\",\"name\":\"Tevinor\",\"url\":\"https:\\\/\\\/tevinor.ar\\\/\",\"logo\":{\"@type\":\"ImageObject\",\"inLanguage\":\"es\",\"@id\":\"https:\\\/\\\/tevinor.ar\\\/#\\\/schema\\\/logo\\\/image\\\/\",\"url\":\"https:\\\/\\\/tevinor.ar\\\/wp-content\\\/uploads\\\/2026\\\/02\\\/logo-tevinor.png\",\"contentUrl\":\"https:\\\/\\\/tevinor.ar\\\/wp-content\\\/uploads\\\/2026\\\/02\\\/logo-tevinor.png\",\"width\":630,\"height\":169,\"caption\":\"Tevinor\"},\"image\":{\"@id\":\"https:\\\/\\\/tevinor.ar\\\/#\\\/schema\\\/logo\\\/image\\\/\"}}]}<\/script>\n<!-- \/ Yoast SEO plugin. -->","yoast_head_json":{"title":"Tevinor. Nuestros Valores","description":"Con m\u00e1s de 90 a\u00f1os de trayectoria, Tevinor es l\u00edder en la fabricaci\u00f3n de tejidos vin\u00edlicos de alta calidad en Argentina. Innovaci\u00f3n y durabilidad garantizada.","robots":{"index":"index","follow":"follow","max-snippet":"max-snippet:-1","max-image-preview":"max-image-preview:large","max-video-preview":"max-video-preview:-1"},"canonical":"https:\/\/tevinor.ar\/index.php\/nuestros-valores\/","og_locale":"es_ES","og_type":"article","og_title":"Tevinor. Nuestros Valores","og_description":"Con m\u00e1s de 90 a\u00f1os de trayectoria, Tevinor es l\u00edder en la fabricaci\u00f3n de tejidos vin\u00edlicos de alta calidad en Argentina. Innovaci\u00f3n y durabilidad garantizada.","og_url":"https:\/\/tevinor.ar\/index.php\/nuestros-valores\/","og_site_name":"Tevinor","article_modified_time":"2026-03-20T14:07:39+00:00","og_image":[{"width":200,"height":200,"url":"https:\/\/tevinor.ar\/wp-content\/uploads\/2026\/03\/valores-0001.jpg","type":"image\/jpeg"}],"twitter_card":"summary_large_image","twitter_misc":{"Tiempo de lectura":"1 minuto"},"schema":{"@context":"https:\/\/schema.org","@graph":[{"@type":"WebPage","@id":"https:\/\/tevinor.ar\/index.php\/nuestros-valores\/","url":"https:\/\/tevinor.ar\/index.php\/nuestros-valores\/","name":"Tevinor. Nuestros Valores","isPartOf":{"@id":"https:\/\/tevinor.ar\/#website"},"primaryImageOfPage":{"@id":"https:\/\/tevinor.ar\/index.php\/nuestros-valores\/#primaryimage"},"image":{"@id":"https:\/\/tevinor.ar\/index.php\/nuestros-valores\/#primaryimage"},"thumbnailUrl":"https:\/\/tevinor.ar\/wp-content\/uploads\/2026\/03\/valores-0001.jpg","datePublished":"2026-03-11T16:12:33+00:00","dateModified":"2026-03-20T14:07:39+00:00","description":"Con m\u00e1s de 90 a\u00f1os de trayectoria, Tevinor es l\u00edder en la fabricaci\u00f3n de tejidos vin\u00edlicos de alta calidad en Argentina. Innovaci\u00f3n y durabilidad garantizada.","breadcrumb":{"@id":"https:\/\/tevinor.ar\/index.php\/nuestros-valores\/#breadcrumb"},"inLanguage":"es","potentialAction":[{"@type":"ReadAction","target":["https:\/\/tevinor.ar\/index.php\/nuestros-valores\/"]}]},{"@type":"ImageObject","inLanguage":"es","@id":"https:\/\/tevinor.ar\/index.php\/nuestros-valores\/#primaryimage","url":"https:\/\/tevinor.ar\/wp-content\/uploads\/2026\/03\/valores-0001.jpg","contentUrl":"https:\/\/tevinor.ar\/wp-content\/uploads\/2026\/03\/valores-0001.jpg","width":200,"height":200},{"@type":"BreadcrumbList","@id":"https:\/\/tevinor.ar\/index.php\/nuestros-valores\/#breadcrumb","itemListElement":[{"@type":"ListItem","position":1,"name":"Portada","item":"https:\/\/tevinor.ar\/"},{"@type":"ListItem","position":2,"name":"Nuestros Valores"}]},{"@type":"WebSite","@id":"https:\/\/tevinor.ar\/#website","url":"https:\/\/tevinor.ar\/","name":"Tevinor","description":"Telas y Productos vin\u00edlicos","publisher":{"@id":"https:\/\/tevinor.ar\/#organization"},"potentialAction":[{"@type":"SearchAction","target":{"@type":"EntryPoint","urlTemplate":"https:\/\/tevinor.ar\/?s={search_term_string}"},"query-input":{"@type":"PropertyValueSpecification","valueRequired":true,"valueName":"search_term_string"}}],"inLanguage":"es"},{"@type":"Organization","@id":"https:\/\/tevinor.ar\/#organization","name":"Tevinor","url":"https:\/\/tevinor.ar\/","logo":{"@type":"ImageObject","inLanguage":"es","@id":"https:\/\/tevinor.ar\/#\/schema\/logo\/image\/","url":"https:\/\/tevinor.ar\/wp-content\/uploads\/2026\/02\/logo-tevinor.png","contentUrl":"https:\/\/tevinor.ar\/wp-content\/uploads\/2026\/02\/logo-tevinor.png","width":630,"height":169,"caption":"Tevinor"},"image":{"@id":"https:\/\/tevinor.ar\/#\/schema\/logo\/image\/"}}]}},"_links":{"self":[{"href":"https:\/\/tevinor.ar\/index.php\/wp-json\/wp\/v2\/pages\/2043","targetHints":{"allow":["GET"]}}],"collection":[{"href":"https:\/\/tevinor.ar\/index.php\/wp-json\/wp\/v2\/pages"}],"about":[{"href":"https:\/\/tevinor.ar\/index.php\/wp-json\/wp\/v2\/types\/page"}],"author":[{"embeddable":true,"href":"https:\/\/tevinor.ar\/index.php\/wp-json\/wp\/v2\/users\/1"}],"replies":[{"embeddable":true,"href":"https:\/\/tevinor.ar\/index.php\/wp-json\/wp\/v2\/comments?post=2043"}],"version-history":[{"count":6,"href":"https:\/\/tevinor.ar\/index.php\/wp-json\/wp\/v2\/pages\/2043\/revisions"}],"predecessor-version":[{"id":2397,"href":"https:\/\/tevinor.ar\/index.php\/wp-json\/wp\/v2\/pages\/2043\/revisions\/2397"}],"wp:attachment":[{"href":"https:\/\/tevinor.ar\/index.php\/wp-json\/wp\/v2\/media?parent=2043"}],"curies":[{"name":"wp","href":"https:\/\/api.w.org\/{rel}","templated":true}]}}