{"id":2115,"date":"2026-03-17T11:08:10","date_gmt":"2026-03-17T11:08:10","guid":{"rendered":"https:\/\/tevinor.ar\/?page_id=2115"},"modified":"2026-04-16T13:41:42","modified_gmt":"2026-04-16T13:41:42","slug":"categorias","status":"publish","type":"page","link":"https:\/\/tevinor.ar\/index.php\/categorias\/","title":{"rendered":"Categor\u00edas"},"content":{"rendered":"\t\t<div data-elementor-type=\"wp-page\" data-elementor-id=\"2115\" class=\"elementor elementor-2115\" data-elementor-post-type=\"page\">\n\t\t\t\t<div class=\"aux-parallax-section elementor-element elementor-element-6e5287a e-flex e-con-boxed e-con e-parent\" data-id=\"6e5287a\" data-element_type=\"container\" data-e-type=\"container\">\n\t\t\t\t\t<div class=\"e-con-inner\">\n\t\t\t\t<div class=\"elementor-element elementor-element-3a67bf8 elementor-widget elementor-widget-heading\" data-id=\"3a67bf8\" data-element_type=\"widget\" data-e-type=\"widget\" data-widget_type=\"heading.default\">\n\t\t\t\t\t<h2 class=\"elementor-heading-title elementor-size-default\">CATEGOR\u00cdAS<\/h2>\t\t\t\t<\/div>\n\t\t\t\t<div class=\"elementor-element elementor-element-4ae78b6 elementor-widget elementor-widget-text-editor\" data-id=\"4ae78b6\" data-element_type=\"widget\" data-e-type=\"widget\" data-widget_type=\"text-editor.default\">\n\t\t\t\t\t\t\t\t\t<p style=\"text-align: center;\">Fabricamos tejidos vin\u00edlicos para todo el pa\u00eds desde hace m\u00e1s de 90 a\u00f1os. Somos un equipo, parte de una comunidad que trabaja para dise\u00f1ar los mejores productos de la manera m\u00e1s competitiva.<br \/>Sabemos de telas vin\u00edlicas y estamos en al b\u00fasqueda constante de mejores aplicaciones para nuestra f\u00e1brica. Entendemos tus necesidades y desarrollamos productos que les den respuesta eficientemente. Nos esforzamos para brindar la m\u00e1xima calidad en cada pieza y el mejor asesoramiento de al regi\u00f3n.<\/p>\t\t\t\t\t\t\t\t<\/div>\n\t\t\t\t\t<\/div>\n\t\t\t\t<\/div>\n\t\t<div class=\"aux-parallax-section elementor-element elementor-element-bfd3e18 e-flex e-con-boxed e-con e-parent\" data-id=\"bfd3e18\" data-element_type=\"container\" data-e-type=\"container\">\n\t\t\t\t\t<div class=\"e-con-inner\">\n\t\t\t\t<div class=\"elementor-element elementor-element-7f9da61 elementor-widget elementor-widget-image\" data-id=\"7f9da61\" data-element_type=\"widget\" data-e-type=\"widget\" data-widget_type=\"image.default\">\n\t\t\t\t\t\t\t\t\t\t\t\t\t\t\t\t<a href=\"https:\/\/tevinor.ar\/index.php\/categoria-producto\/cristal\/\">\n\t\t\t\t\t\t\t<img fetchpriority=\"high\" decoding=\"async\" width=\"426\" height=\"457\" src=\"https:\/\/tevinor.ar\/wp-content\/uploads\/2026\/03\/CATEGORIAS03.jpg\" class=\"attachment-large size-large wp-image-2123\" alt=\"\" srcset=\"https:\/\/tevinor.ar\/wp-content\/uploads\/2026\/03\/CATEGORIAS03.jpg 426w, https:\/\/tevinor.ar\/wp-content\/uploads\/2026\/03\/CATEGORIAS03-64x69.jpg 64w\" sizes=\"(max-width: 426px) 100vw, 426px\" \/>\t\t\t\t\t\t\t\t<\/a>\n\t\t\t\t\t\t\t\t\t\t\t\t\t\t\t<\/div>\n\t\t\t\t<div class=\"elementor-element elementor-element-73b96b9 elementor-widget elementor-widget-image\" data-id=\"73b96b9\" data-element_type=\"widget\" data-e-type=\"widget\" data-widget_type=\"image.default\">\n\t\t\t\t\t\t\t\t\t\t\t\t\t\t\t\t<a href=\"https:\/\/tevinor.ar\/index.php\/categoria-producto\/generos-textiles\/\">\n\t\t\t\t\t\t\t<img decoding=\"async\" width=\"426\" height=\"457\" data-src=\"https:\/\/tevinor.ar\/wp-content\/uploads\/2026\/03\/CATEGORIAS02.jpg\" class=\"attachment-large size-large wp-image-2122 lazyload\" alt=\"\" data-srcset=\"https:\/\/tevinor.ar\/wp-content\/uploads\/2026\/03\/CATEGORIAS02.jpg 426w, https:\/\/tevinor.ar\/wp-content\/uploads\/2026\/03\/CATEGORIAS02-64x69.jpg 64w\" data-sizes=\"(max-width: 426px) 100vw, 426px\" src=\"data:image\/svg+xml;base64,PHN2ZyB3aWR0aD0iMSIgaGVpZ2h0PSIxIiB4bWxucz0iaHR0cDovL3d3dy53My5vcmcvMjAwMC9zdmciPjwvc3ZnPg==\" style=\"--smush-placeholder-width: 426px; --smush-placeholder-aspect-ratio: 426\/457;\" \/>\t\t\t\t\t\t\t\t<\/a>\n\t\t\t\t\t\t\t\t\t\t\t\t\t\t\t<\/div>\n\t\t\t\t<div class=\"elementor-element elementor-element-90929ad elementor-widget elementor-widget-image\" data-id=\"90929ad\" data-element_type=\"widget\" data-e-type=\"widget\" data-widget_type=\"image.default\">\n\t\t\t\t\t\t\t\t\t\t\t\t\t\t\t\t<a href=\"https:\/\/tevinor.ar\/index.php\/categoria-producto\/lonas\/industrial-lonas\/\">\n\t\t\t\t\t\t\t<img decoding=\"async\" width=\"426\" height=\"457\" data-src=\"https:\/\/tevinor.ar\/wp-content\/uploads\/2026\/04\/industrial-categoria.jpg\" class=\"attachment-large size-large wp-image-3920 lazyload\" alt=\"\" data-srcset=\"https:\/\/tevinor.ar\/wp-content\/uploads\/2026\/04\/industrial-categoria.jpg 426w, https:\/\/tevinor.ar\/wp-content\/uploads\/2026\/04\/industrial-categoria-64x69.jpg 64w\" data-sizes=\"(max-width: 426px) 100vw, 426px\" src=\"data:image\/svg+xml;base64,PHN2ZyB3aWR0aD0iMSIgaGVpZ2h0PSIxIiB4bWxucz0iaHR0cDovL3d3dy53My5vcmcvMjAwMC9zdmciPjwvc3ZnPg==\" style=\"--smush-placeholder-width: 426px; --smush-placeholder-aspect-ratio: 426\/457;\" \/>\t\t\t\t\t\t\t\t<\/a>\n\t\t\t\t\t\t\t\t\t\t\t\t\t\t\t<\/div>\n\t\t\t\t\t<\/div>\n\t\t\t\t<\/div>\n\t\t<div class=\"aux-parallax-section elementor-element elementor-element-05c1c18 e-flex e-con-boxed e-con e-parent\" data-id=\"05c1c18\" data-element_type=\"container\" data-e-type=\"container\">\n\t\t\t\t\t<div class=\"e-con-inner\">\n\t\t\t\t<div class=\"elementor-element elementor-element-3f0a905 elementor-widget elementor-widget-image\" data-id=\"3f0a905\" data-element_type=\"widget\" data-e-type=\"widget\" data-widget_type=\"image.default\">\n\t\t\t\t\t\t\t\t\t\t\t\t\t\t\t\t<a href=\"https:\/\/tevinor.ar\/index.php\/categoria-producto\/lonas\/\">\n\t\t\t\t\t\t\t<img decoding=\"async\" width=\"426\" height=\"457\" data-src=\"https:\/\/tevinor.ar\/wp-content\/uploads\/2026\/03\/CATEGORIAS04.jpg\" class=\"attachment-large size-large wp-image-2124 lazyload\" alt=\"\" data-srcset=\"https:\/\/tevinor.ar\/wp-content\/uploads\/2026\/03\/CATEGORIAS04.jpg 426w, https:\/\/tevinor.ar\/wp-content\/uploads\/2026\/03\/CATEGORIAS04-64x69.jpg 64w\" data-sizes=\"(max-width: 426px) 100vw, 426px\" src=\"data:image\/svg+xml;base64,PHN2ZyB3aWR0aD0iMSIgaGVpZ2h0PSIxIiB4bWxucz0iaHR0cDovL3d3dy53My5vcmcvMjAwMC9zdmciPjwvc3ZnPg==\" style=\"--smush-placeholder-width: 426px; --smush-placeholder-aspect-ratio: 426\/457;\" \/>\t\t\t\t\t\t\t\t<\/a>\n\t\t\t\t\t\t\t\t\t\t\t\t\t\t\t<\/div>\n\t\t\t\t<div class=\"elementor-element elementor-element-dcb5bb1 elementor-widget elementor-widget-image\" data-id=\"dcb5bb1\" data-element_type=\"widget\" data-e-type=\"widget\" data-widget_type=\"image.default\">\n\t\t\t\t\t\t\t\t\t\t\t\t\t\t\t\t<a href=\"https:\/\/tevinor.ar\/index.php\/categoria-producto\/pisos-vinilicos\/\">\n\t\t\t\t\t\t\t<img decoding=\"async\" width=\"426\" height=\"457\" data-src=\"https:\/\/tevinor.ar\/wp-content\/uploads\/2026\/03\/CATEGORIAS05.jpg\" class=\"attachment-large size-large wp-image-2125 lazyload\" alt=\"\" data-srcset=\"https:\/\/tevinor.ar\/wp-content\/uploads\/2026\/03\/CATEGORIAS05.jpg 426w, https:\/\/tevinor.ar\/wp-content\/uploads\/2026\/03\/CATEGORIAS05-64x69.jpg 64w\" data-sizes=\"(max-width: 426px) 100vw, 426px\" src=\"data:image\/svg+xml;base64,PHN2ZyB3aWR0aD0iMSIgaGVpZ2h0PSIxIiB4bWxucz0iaHR0cDovL3d3dy53My5vcmcvMjAwMC9zdmciPjwvc3ZnPg==\" style=\"--smush-placeholder-width: 426px; --smush-placeholder-aspect-ratio: 426\/457;\" \/>\t\t\t\t\t\t\t\t<\/a>\n\t\t\t\t\t\t\t\t\t\t\t\t\t\t\t<\/div>\n\t\t\t\t<div class=\"elementor-element elementor-element-9f2fa40 elementor-widget elementor-widget-image\" data-id=\"9f2fa40\" data-element_type=\"widget\" data-e-type=\"widget\" data-widget_type=\"image.default\">\n\t\t\t\t\t\t\t\t\t\t\t\t\t\t\t\t<a href=\"https:\/\/tevinor.ar\/index.php\/categoria-producto\/telas-plasticas\/\">\n\t\t\t\t\t\t\t<img decoding=\"async\" width=\"426\" height=\"457\" data-src=\"https:\/\/tevinor.ar\/wp-content\/uploads\/2026\/03\/CATEGORIAS01.jpg\" class=\"attachment-large size-large wp-image-2121 lazyload\" alt=\"\" data-srcset=\"https:\/\/tevinor.ar\/wp-content\/uploads\/2026\/03\/CATEGORIAS01.jpg 426w, https:\/\/tevinor.ar\/wp-content\/uploads\/2026\/03\/CATEGORIAS01-64x69.jpg 64w\" data-sizes=\"(max-width: 426px) 100vw, 426px\" src=\"data:image\/svg+xml;base64,PHN2ZyB3aWR0aD0iMSIgaGVpZ2h0PSIxIiB4bWxucz0iaHR0cDovL3d3dy53My5vcmcvMjAwMC9zdmciPjwvc3ZnPg==\" style=\"--smush-placeholder-width: 426px; --smush-placeholder-aspect-ratio: 426\/457;\" \/>\t\t\t\t\t\t\t\t<\/a>\n\t\t\t\t\t\t\t\t\t\t\t\t\t\t\t<\/div>\n\t\t\t\t\t<\/div>\n\t\t\t\t<\/div>\n\t\t<div class=\"aux-parallax-section elementor-element elementor-element-7e0991e e-flex e-con-boxed e-con e-parent\" data-id=\"7e0991e\" data-element_type=\"container\" data-e-type=\"container\">\n\t\t\t\t\t<div class=\"e-con-inner\">\n\t\t\t\t<div class=\"elementor-element elementor-element-262efad elementor-widget elementor-widget-spacer\" data-id=\"262efad\" data-element_type=\"widget\" data-e-type=\"widget\" data-widget_type=\"spacer.default\">\n\t\t\t\t\t\t\t<div class=\"elementor-spacer\">\n\t\t\t<div class=\"elementor-spacer-inner\"><\/div>\n\t\t<\/div>\n\t\t\t\t\t\t<\/div>\n\t\t\t\t\t<\/div>\n\t\t\t\t<\/div>\n\t\t\t\t<\/div>\n\t\t","protected":false},"excerpt":{"rendered":"<p>CATEGOR\u00cdAS Fabricamos tejidos vin\u00edlicos para todo el pa\u00eds desde hace m\u00e1s de 90 a\u00f1os. Somos un equipo, parte de una comunidad que trabaja para dise\u00f1ar los mejores productos de la manera m\u00e1s competitiva.Sabemos de telas vin\u00edlicas y estamos en al b\u00fasqueda constante de mejores aplicaciones para nuestra f\u00e1brica. Entendemos tus necesidades y desarrollamos productos que [&hellip;]<\/p>\n","protected":false},"author":1,"featured_media":0,"parent":0,"menu_order":0,"comment_status":"closed","ping_status":"closed","template":"elementor_header_footer","meta":{"_joinchat":[],"footnotes":""},"class_list":["post-2115","page","type-page","status-publish","hentry"],"yoast_head":"<!-- This site is optimized with the Yoast SEO plugin v27.4 - https:\/\/yoast.com\/product\/yoast-seo-wordpress\/ -->\n<title>Tevinor. Categor\u00edas<\/title>\n<meta name=\"description\" content=\"Con m\u00e1s de 90 a\u00f1os de trayectoria, Tevinor es l\u00edder en la fabricaci\u00f3n de tejidos vin\u00edlicos de alta calidad en Argentina. Innovaci\u00f3n y durabilidad garantizada.\" \/>\n<meta name=\"robots\" content=\"index, follow, max-snippet:-1, max-image-preview:large, max-video-preview:-1\" \/>\n<link rel=\"canonical\" href=\"https:\/\/tevinor.ar\/index.php\/categorias\/\" \/>\n<meta property=\"og:locale\" content=\"es_ES\" \/>\n<meta property=\"og:type\" content=\"article\" \/>\n<meta property=\"og:title\" content=\"Tevinor. Categor\u00edas\" \/>\n<meta property=\"og:description\" content=\"Con m\u00e1s de 90 a\u00f1os de trayectoria, Tevinor es l\u00edder en la fabricaci\u00f3n de tejidos vin\u00edlicos de alta calidad en Argentina. Innovaci\u00f3n y durabilidad garantizada.\" \/>\n<meta property=\"og:url\" content=\"https:\/\/tevinor.ar\/index.php\/categorias\/\" \/>\n<meta property=\"og:site_name\" content=\"Tevinor\" \/>\n<meta property=\"article:modified_time\" content=\"2026-04-16T13:41:42+00:00\" \/>\n<meta property=\"og:image\" content=\"https:\/\/tevinor.ar\/wp-content\/uploads\/2026\/03\/CATEGORIAS03.jpg\" \/>\n\t<meta property=\"og:image:width\" content=\"426\" \/>\n\t<meta property=\"og:image:height\" content=\"457\" \/>\n\t<meta property=\"og:image:type\" content=\"image\/jpeg\" \/>\n<meta name=\"twitter:card\" content=\"summary_large_image\" \/>\n<meta name=\"twitter:label1\" content=\"Tiempo de lectura\" \/>\n\t<meta name=\"twitter:data1\" content=\"2 minutos\" \/>\n<script type=\"application\/ld+json\" class=\"yoast-schema-graph\">{\"@context\":\"https:\\\/\\\/schema.org\",\"@graph\":[{\"@type\":\"WebPage\",\"@id\":\"https:\\\/\\\/tevinor.ar\\\/index.php\\\/categorias\\\/\",\"url\":\"https:\\\/\\\/tevinor.ar\\\/index.php\\\/categorias\\\/\",\"name\":\"Tevinor. Categor\u00edas\",\"isPartOf\":{\"@id\":\"https:\\\/\\\/tevinor.ar\\\/#website\"},\"primaryImageOfPage\":{\"@id\":\"https:\\\/\\\/tevinor.ar\\\/index.php\\\/categorias\\\/#primaryimage\"},\"image\":{\"@id\":\"https:\\\/\\\/tevinor.ar\\\/index.php\\\/categorias\\\/#primaryimage\"},\"thumbnailUrl\":\"https:\\\/\\\/tevinor.ar\\\/wp-content\\\/uploads\\\/2026\\\/03\\\/CATEGORIAS03.jpg\",\"datePublished\":\"2026-03-17T11:08:10+00:00\",\"dateModified\":\"2026-04-16T13:41:42+00:00\",\"description\":\"Con m\u00e1s de 90 a\u00f1os de trayectoria, Tevinor es l\u00edder en la fabricaci\u00f3n de tejidos vin\u00edlicos de alta calidad en Argentina. Innovaci\u00f3n y durabilidad garantizada.\",\"breadcrumb\":{\"@id\":\"https:\\\/\\\/tevinor.ar\\\/index.php\\\/categorias\\\/#breadcrumb\"},\"inLanguage\":\"es\",\"potentialAction\":[{\"@type\":\"ReadAction\",\"target\":[\"https:\\\/\\\/tevinor.ar\\\/index.php\\\/categorias\\\/\"]}]},{\"@type\":\"ImageObject\",\"inLanguage\":\"es\",\"@id\":\"https:\\\/\\\/tevinor.ar\\\/index.php\\\/categorias\\\/#primaryimage\",\"url\":\"https:\\\/\\\/tevinor.ar\\\/wp-content\\\/uploads\\\/2026\\\/03\\\/CATEGORIAS03.jpg\",\"contentUrl\":\"https:\\\/\\\/tevinor.ar\\\/wp-content\\\/uploads\\\/2026\\\/03\\\/CATEGORIAS03.jpg\",\"width\":426,\"height\":457},{\"@type\":\"BreadcrumbList\",\"@id\":\"https:\\\/\\\/tevinor.ar\\\/index.php\\\/categorias\\\/#breadcrumb\",\"itemListElement\":[{\"@type\":\"ListItem\",\"position\":1,\"name\":\"Portada\",\"item\":\"https:\\\/\\\/tevinor.ar\\\/\"},{\"@type\":\"ListItem\",\"position\":2,\"name\":\"Categor\u00edas\"}]},{\"@type\":\"WebSite\",\"@id\":\"https:\\\/\\\/tevinor.ar\\\/#website\",\"url\":\"https:\\\/\\\/tevinor.ar\\\/\",\"name\":\"Tevinor\",\"description\":\"Telas y Productos vin\u00edlicos\",\"publisher\":{\"@id\":\"https:\\\/\\\/tevinor.ar\\\/#organization\"},\"potentialAction\":[{\"@type\":\"SearchAction\",\"target\":{\"@type\":\"EntryPoint\",\"urlTemplate\":\"https:\\\/\\\/tevinor.ar\\\/?s={search_term_string}\"},\"query-input\":{\"@type\":\"PropertyValueSpecification\",\"valueRequired\":true,\"valueName\":\"search_term_string\"}}],\"inLanguage\":\"es\"},{\"@type\":\"Organization\",\"@id\":\"https:\\\/\\\/tevinor.ar\\\/#organization\",\"name\":\"Tevinor\",\"url\":\"https:\\\/\\\/tevinor.ar\\\/\",\"logo\":{\"@type\":\"ImageObject\",\"inLanguage\":\"es\",\"@id\":\"https:\\\/\\\/tevinor.ar\\\/#\\\/schema\\\/logo\\\/image\\\/\",\"url\":\"https:\\\/\\\/tevinor.ar\\\/wp-content\\\/uploads\\\/2026\\\/02\\\/logo-tevinor.png\",\"contentUrl\":\"https:\\\/\\\/tevinor.ar\\\/wp-content\\\/uploads\\\/2026\\\/02\\\/logo-tevinor.png\",\"width\":630,\"height\":169,\"caption\":\"Tevinor\"},\"image\":{\"@id\":\"https:\\\/\\\/tevinor.ar\\\/#\\\/schema\\\/logo\\\/image\\\/\"}}]}<\/script>\n<!-- \/ Yoast SEO plugin. -->","yoast_head_json":{"title":"Tevinor. Categor\u00edas","description":"Con m\u00e1s de 90 a\u00f1os de trayectoria, Tevinor es l\u00edder en la fabricaci\u00f3n de tejidos vin\u00edlicos de alta calidad en Argentina. Innovaci\u00f3n y durabilidad garantizada.","robots":{"index":"index","follow":"follow","max-snippet":"max-snippet:-1","max-image-preview":"max-image-preview:large","max-video-preview":"max-video-preview:-1"},"canonical":"https:\/\/tevinor.ar\/index.php\/categorias\/","og_locale":"es_ES","og_type":"article","og_title":"Tevinor. Categor\u00edas","og_description":"Con m\u00e1s de 90 a\u00f1os de trayectoria, Tevinor es l\u00edder en la fabricaci\u00f3n de tejidos vin\u00edlicos de alta calidad en Argentina. Innovaci\u00f3n y durabilidad garantizada.","og_url":"https:\/\/tevinor.ar\/index.php\/categorias\/","og_site_name":"Tevinor","article_modified_time":"2026-04-16T13:41:42+00:00","og_image":[{"width":426,"height":457,"url":"https:\/\/tevinor.ar\/wp-content\/uploads\/2026\/03\/CATEGORIAS03.jpg","type":"image\/jpeg"}],"twitter_card":"summary_large_image","twitter_misc":{"Tiempo de lectura":"2 minutos"},"schema":{"@context":"https:\/\/schema.org","@graph":[{"@type":"WebPage","@id":"https:\/\/tevinor.ar\/index.php\/categorias\/","url":"https:\/\/tevinor.ar\/index.php\/categorias\/","name":"Tevinor. Categor\u00edas","isPartOf":{"@id":"https:\/\/tevinor.ar\/#website"},"primaryImageOfPage":{"@id":"https:\/\/tevinor.ar\/index.php\/categorias\/#primaryimage"},"image":{"@id":"https:\/\/tevinor.ar\/index.php\/categorias\/#primaryimage"},"thumbnailUrl":"https:\/\/tevinor.ar\/wp-content\/uploads\/2026\/03\/CATEGORIAS03.jpg","datePublished":"2026-03-17T11:08:10+00:00","dateModified":"2026-04-16T13:41:42+00:00","description":"Con m\u00e1s de 90 a\u00f1os de trayectoria, Tevinor es l\u00edder en la fabricaci\u00f3n de tejidos vin\u00edlicos de alta calidad en Argentina. Innovaci\u00f3n y durabilidad garantizada.","breadcrumb":{"@id":"https:\/\/tevinor.ar\/index.php\/categorias\/#breadcrumb"},"inLanguage":"es","potentialAction":[{"@type":"ReadAction","target":["https:\/\/tevinor.ar\/index.php\/categorias\/"]}]},{"@type":"ImageObject","inLanguage":"es","@id":"https:\/\/tevinor.ar\/index.php\/categorias\/#primaryimage","url":"https:\/\/tevinor.ar\/wp-content\/uploads\/2026\/03\/CATEGORIAS03.jpg","contentUrl":"https:\/\/tevinor.ar\/wp-content\/uploads\/2026\/03\/CATEGORIAS03.jpg","width":426,"height":457},{"@type":"BreadcrumbList","@id":"https:\/\/tevinor.ar\/index.php\/categorias\/#breadcrumb","itemListElement":[{"@type":"ListItem","position":1,"name":"Portada","item":"https:\/\/tevinor.ar\/"},{"@type":"ListItem","position":2,"name":"Categor\u00edas"}]},{"@type":"WebSite","@id":"https:\/\/tevinor.ar\/#website","url":"https:\/\/tevinor.ar\/","name":"Tevinor","description":"Telas y Productos vin\u00edlicos","publisher":{"@id":"https:\/\/tevinor.ar\/#organization"},"potentialAction":[{"@type":"SearchAction","target":{"@type":"EntryPoint","urlTemplate":"https:\/\/tevinor.ar\/?s={search_term_string}"},"query-input":{"@type":"PropertyValueSpecification","valueRequired":true,"valueName":"search_term_string"}}],"inLanguage":"es"},{"@type":"Organization","@id":"https:\/\/tevinor.ar\/#organization","name":"Tevinor","url":"https:\/\/tevinor.ar\/","logo":{"@type":"ImageObject","inLanguage":"es","@id":"https:\/\/tevinor.ar\/#\/schema\/logo\/image\/","url":"https:\/\/tevinor.ar\/wp-content\/uploads\/2026\/02\/logo-tevinor.png","contentUrl":"https:\/\/tevinor.ar\/wp-content\/uploads\/2026\/02\/logo-tevinor.png","width":630,"height":169,"caption":"Tevinor"},"image":{"@id":"https:\/\/tevinor.ar\/#\/schema\/logo\/image\/"}}]}},"_links":{"self":[{"href":"https:\/\/tevinor.ar\/index.php\/wp-json\/wp\/v2\/pages\/2115","targetHints":{"allow":["GET"]}}],"collection":[{"href":"https:\/\/tevinor.ar\/index.php\/wp-json\/wp\/v2\/pages"}],"about":[{"href":"https:\/\/tevinor.ar\/index.php\/wp-json\/wp\/v2\/types\/page"}],"author":[{"embeddable":true,"href":"https:\/\/tevinor.ar\/index.php\/wp-json\/wp\/v2\/users\/1"}],"replies":[{"embeddable":true,"href":"https:\/\/tevinor.ar\/index.php\/wp-json\/wp\/v2\/comments?post=2115"}],"version-history":[{"count":12,"href":"https:\/\/tevinor.ar\/index.php\/wp-json\/wp\/v2\/pages\/2115\/revisions"}],"predecessor-version":[{"id":3926,"href":"https:\/\/tevinor.ar\/index.php\/wp-json\/wp\/v2\/pages\/2115\/revisions\/3926"}],"wp:attachment":[{"href":"https:\/\/tevinor.ar\/index.php\/wp-json\/wp\/v2\/media?parent=2115"}],"curies":[{"name":"wp","href":"https:\/\/api.w.org\/{rel}","templated":true}]}}