{"id":2285,"date":"2026-03-17T14:36:32","date_gmt":"2026-03-17T14:36:32","guid":{"rendered":"https:\/\/tevinor.ar\/?page_id=2285"},"modified":"2026-03-17T14:46:20","modified_gmt":"2026-03-17T14:46:20","slug":"certificaciones","status":"publish","type":"page","link":"https:\/\/tevinor.ar\/index.php\/certificaciones\/","title":{"rendered":"Certificaciones"},"content":{"rendered":"\t\t<div data-elementor-type=\"wp-page\" data-elementor-id=\"2285\" class=\"elementor elementor-2285\" data-elementor-post-type=\"page\">\n\t\t\t\t<div class=\"aux-parallax-section elementor-element elementor-element-6e5287a e-flex e-con-boxed e-con e-parent\" data-id=\"6e5287a\" data-element_type=\"container\" data-e-type=\"container\">\n\t\t\t\t\t<div class=\"e-con-inner\">\n\t\t\t\t<div class=\"elementor-element elementor-element-3a67bf8 elementor-widget elementor-widget-heading\" data-id=\"3a67bf8\" data-element_type=\"widget\" data-e-type=\"widget\" data-widget_type=\"heading.default\">\n\t\t\t\t\t<h2 class=\"elementor-heading-title elementor-size-default\">CERTIFICACIONES<\/h2>\t\t\t\t<\/div>\n\t\t\t\t<div class=\"elementor-element elementor-element-4ae78b6 elementor-widget elementor-widget-text-editor\" data-id=\"4ae78b6\" data-element_type=\"widget\" data-e-type=\"widget\" data-widget_type=\"text-editor.default\">\n\t\t\t\t\t\t\t\t\t<p style=\"text-align: center;\">Trabajamos con los m\u00e1s altos est\u00e1ndares para ofrecerte siempre lo mejor. Ingres\u00e1 aqu\u00ed para ver nuestra certificaci\u00f3n ISO 9001:2015 y descubre c\u00f3mo garantizamos la calidad en la fabricaci\u00f3n de cada una de nuestras telas.<\/p>\t\t\t\t\t\t\t\t<\/div>\n\t\t\t\t\t<\/div>\n\t\t\t\t<\/div>\n\t\t<div class=\"aux-parallax-section elementor-element elementor-element-f7fed8d e-flex e-con-boxed e-con e-parent\" data-id=\"f7fed8d\" data-element_type=\"container\" data-e-type=\"container\">\n\t\t\t\t\t<div class=\"e-con-inner\">\n\t\t<div class=\"elementor-element elementor-element-368d6fb e-con-full e-flex e-con e-child\" data-id=\"368d6fb\" data-element_type=\"container\" data-e-type=\"container\">\n\t\t<div class=\"elementor-element elementor-element-c420cfd e-grid e-con-full e-con e-child\" data-id=\"c420cfd\" data-element_type=\"container\" data-e-type=\"container\">\n\t\t\t\t<div class=\"elementor-element elementor-element-245c905 elementor-align-center elementor-widget elementor-widget-button\" data-id=\"245c905\" data-element_type=\"widget\" data-e-type=\"widget\" data-widget_type=\"button.default\">\n\t\t\t\t\t\t\t\t\t\t<a class=\"elementor-button elementor-button-link elementor-size-sm\" href=\"https:\/\/cutt.ly\/utUl7h6K\" target=\"_blank\">\n\t\t\t\t\t\t<span class=\"elementor-button-content-wrapper\">\n\t\t\t\t\t\t\t\t\t<span class=\"elementor-button-text\">ISO 9001<\/span>\n\t\t\t\t\t<\/span>\n\t\t\t\t\t<\/a>\n\t\t\t\t\t\t\t\t<\/div>\n\t\t\t\t<\/div>\n\t\t<div class=\"elementor-element elementor-element-08ebae9 e-grid e-con-full e-con e-child\" data-id=\"08ebae9\" data-element_type=\"container\" data-e-type=\"container\">\n\t\t\t\t<div class=\"elementor-element elementor-element-77f4ba7 elementor-align-center elementor-widget elementor-widget-button\" data-id=\"77f4ba7\" data-element_type=\"widget\" data-e-type=\"widget\" data-widget_type=\"button.default\">\n\t\t\t\t\t\t\t\t\t\t<a class=\"elementor-button elementor-button-link elementor-size-sm\" href=\"https:\/\/cutt.ly\/WtUl7UWe\" target=\"_blank\">\n\t\t\t\t\t\t<span class=\"elementor-button-content-wrapper\">\n\t\t\t\t\t\t\t\t\t<span class=\"elementor-button-text\">ISO 9001 Anexo<\/span>\n\t\t\t\t\t<\/span>\n\t\t\t\t\t<\/a>\n\t\t\t\t\t\t\t\t<\/div>\n\t\t\t\t<\/div>\n\t\t\t\t<\/div>\n\t\t\t\t\t<\/div>\n\t\t\t\t<\/div>\n\t\t<div class=\"aux-parallax-section elementor-element elementor-element-43531c4a e-flex e-con-boxed e-con e-parent\" data-id=\"43531c4a\" data-element_type=\"container\" data-e-type=\"container\">\n\t\t\t\t\t<div class=\"e-con-inner\">\n\t\t\t\t<div class=\"elementor-element elementor-element-72d9ae5e elementor-align-center elementor-widget elementor-widget-button\" data-id=\"72d9ae5e\" data-element_type=\"widget\" data-e-type=\"widget\" data-widget_type=\"button.default\">\n\t\t\t\t\t\t\t\t\t\t<a class=\"elementor-button elementor-button-link elementor-size-sm\" href=\"https:\/\/tevinor.ar\/index.php\/nosotros\/\">\n\t\t\t\t\t\t<span class=\"elementor-button-content-wrapper\">\n\t\t\t\t\t\t\t\t\t<span class=\"elementor-button-text\">&lt; VOLVER<\/span>\n\t\t\t\t\t<\/span>\n\t\t\t\t\t<\/a>\n\t\t\t\t\t\t\t\t<\/div>\n\t\t\t\t\t<\/div>\n\t\t\t\t<\/div>\n\t\t<div class=\"aux-parallax-section elementor-element elementor-element-7e0991e e-flex e-con-boxed e-con e-parent\" data-id=\"7e0991e\" data-element_type=\"container\" data-e-type=\"container\">\n\t\t\t\t\t<div class=\"e-con-inner\">\n\t\t\t\t<div class=\"elementor-element elementor-element-262efad elementor-widget elementor-widget-spacer\" data-id=\"262efad\" data-element_type=\"widget\" data-e-type=\"widget\" data-widget_type=\"spacer.default\">\n\t\t\t\t\t\t\t<div class=\"elementor-spacer\">\n\t\t\t<div class=\"elementor-spacer-inner\"><\/div>\n\t\t<\/div>\n\t\t\t\t\t\t<\/div>\n\t\t\t\t\t<\/div>\n\t\t\t\t<\/div>\n\t\t\t\t<\/div>\n\t\t","protected":false},"excerpt":{"rendered":"<p>CERTIFICACIONES Trabajamos con los m\u00e1s altos est\u00e1ndares para ofrecerte siempre lo mejor. Ingres\u00e1 aqu\u00ed para ver nuestra certificaci\u00f3n ISO 9001:2015 y descubre c\u00f3mo garantizamos la calidad en la fabricaci\u00f3n de cada una de nuestras telas. ISO 9001 ISO 9001 Anexo &lt; VOLVER<\/p>\n","protected":false},"author":1,"featured_media":0,"parent":0,"menu_order":0,"comment_status":"closed","ping_status":"closed","template":"","meta":{"_joinchat":[],"footnotes":""},"class_list":["post-2285","page","type-page","status-publish","hentry"],"yoast_head":"<!-- This site is optimized with the Yoast SEO plugin v27.4 - https:\/\/yoast.com\/product\/yoast-seo-wordpress\/ -->\n<title>Tevinor. Certificaciones<\/title>\n<meta name=\"description\" content=\"Con m\u00e1s de 90 a\u00f1os de trayectoria, Tevinor es l\u00edder en la fabricaci\u00f3n de tejidos vin\u00edlicos de alta calidad en Argentina. Innovaci\u00f3n y durabilidad garantizada.\" \/>\n<meta name=\"robots\" content=\"index, follow, max-snippet:-1, max-image-preview:large, max-video-preview:-1\" \/>\n<link rel=\"canonical\" href=\"https:\/\/tevinor.ar\/index.php\/certificaciones\/\" \/>\n<meta property=\"og:locale\" content=\"es_ES\" \/>\n<meta property=\"og:type\" content=\"article\" \/>\n<meta property=\"og:title\" content=\"Tevinor. Certificaciones\" \/>\n<meta property=\"og:description\" content=\"Con m\u00e1s de 90 a\u00f1os de trayectoria, Tevinor es l\u00edder en la fabricaci\u00f3n de tejidos vin\u00edlicos de alta calidad en Argentina. Innovaci\u00f3n y durabilidad garantizada.\" \/>\n<meta property=\"og:url\" content=\"https:\/\/tevinor.ar\/index.php\/certificaciones\/\" \/>\n<meta property=\"og:site_name\" content=\"Tevinor\" \/>\n<meta property=\"article:modified_time\" content=\"2026-03-17T14:46:20+00:00\" \/>\n<meta name=\"twitter:card\" content=\"summary_large_image\" \/>\n<meta name=\"twitter:label1\" content=\"Tiempo de lectura\" \/>\n\t<meta name=\"twitter:data1\" content=\"1 minuto\" \/>\n<script type=\"application\/ld+json\" class=\"yoast-schema-graph\">{\"@context\":\"https:\\\/\\\/schema.org\",\"@graph\":[{\"@type\":\"WebPage\",\"@id\":\"https:\\\/\\\/tevinor.ar\\\/index.php\\\/certificaciones\\\/\",\"url\":\"https:\\\/\\\/tevinor.ar\\\/index.php\\\/certificaciones\\\/\",\"name\":\"Tevinor. Certificaciones\",\"isPartOf\":{\"@id\":\"https:\\\/\\\/tevinor.ar\\\/#website\"},\"datePublished\":\"2026-03-17T14:36:32+00:00\",\"dateModified\":\"2026-03-17T14:46:20+00:00\",\"description\":\"Con m\u00e1s de 90 a\u00f1os de trayectoria, Tevinor es l\u00edder en la fabricaci\u00f3n de tejidos vin\u00edlicos de alta calidad en Argentina. Innovaci\u00f3n y durabilidad garantizada.\",\"breadcrumb\":{\"@id\":\"https:\\\/\\\/tevinor.ar\\\/index.php\\\/certificaciones\\\/#breadcrumb\"},\"inLanguage\":\"es\",\"potentialAction\":[{\"@type\":\"ReadAction\",\"target\":[\"https:\\\/\\\/tevinor.ar\\\/index.php\\\/certificaciones\\\/\"]}]},{\"@type\":\"BreadcrumbList\",\"@id\":\"https:\\\/\\\/tevinor.ar\\\/index.php\\\/certificaciones\\\/#breadcrumb\",\"itemListElement\":[{\"@type\":\"ListItem\",\"position\":1,\"name\":\"Portada\",\"item\":\"https:\\\/\\\/tevinor.ar\\\/\"},{\"@type\":\"ListItem\",\"position\":2,\"name\":\"Certificaciones\"}]},{\"@type\":\"WebSite\",\"@id\":\"https:\\\/\\\/tevinor.ar\\\/#website\",\"url\":\"https:\\\/\\\/tevinor.ar\\\/\",\"name\":\"Tevinor\",\"description\":\"Telas y Productos vin\u00edlicos\",\"publisher\":{\"@id\":\"https:\\\/\\\/tevinor.ar\\\/#organization\"},\"potentialAction\":[{\"@type\":\"SearchAction\",\"target\":{\"@type\":\"EntryPoint\",\"urlTemplate\":\"https:\\\/\\\/tevinor.ar\\\/?s={search_term_string}\"},\"query-input\":{\"@type\":\"PropertyValueSpecification\",\"valueRequired\":true,\"valueName\":\"search_term_string\"}}],\"inLanguage\":\"es\"},{\"@type\":\"Organization\",\"@id\":\"https:\\\/\\\/tevinor.ar\\\/#organization\",\"name\":\"Tevinor\",\"url\":\"https:\\\/\\\/tevinor.ar\\\/\",\"logo\":{\"@type\":\"ImageObject\",\"inLanguage\":\"es\",\"@id\":\"https:\\\/\\\/tevinor.ar\\\/#\\\/schema\\\/logo\\\/image\\\/\",\"url\":\"https:\\\/\\\/tevinor.ar\\\/wp-content\\\/uploads\\\/2026\\\/02\\\/logo-tevinor.png\",\"contentUrl\":\"https:\\\/\\\/tevinor.ar\\\/wp-content\\\/uploads\\\/2026\\\/02\\\/logo-tevinor.png\",\"width\":630,\"height\":169,\"caption\":\"Tevinor\"},\"image\":{\"@id\":\"https:\\\/\\\/tevinor.ar\\\/#\\\/schema\\\/logo\\\/image\\\/\"}}]}<\/script>\n<!-- \/ Yoast SEO plugin. -->","yoast_head_json":{"title":"Tevinor. Certificaciones","description":"Con m\u00e1s de 90 a\u00f1os de trayectoria, Tevinor es l\u00edder en la fabricaci\u00f3n de tejidos vin\u00edlicos de alta calidad en Argentina. Innovaci\u00f3n y durabilidad garantizada.","robots":{"index":"index","follow":"follow","max-snippet":"max-snippet:-1","max-image-preview":"max-image-preview:large","max-video-preview":"max-video-preview:-1"},"canonical":"https:\/\/tevinor.ar\/index.php\/certificaciones\/","og_locale":"es_ES","og_type":"article","og_title":"Tevinor. Certificaciones","og_description":"Con m\u00e1s de 90 a\u00f1os de trayectoria, Tevinor es l\u00edder en la fabricaci\u00f3n de tejidos vin\u00edlicos de alta calidad en Argentina. Innovaci\u00f3n y durabilidad garantizada.","og_url":"https:\/\/tevinor.ar\/index.php\/certificaciones\/","og_site_name":"Tevinor","article_modified_time":"2026-03-17T14:46:20+00:00","twitter_card":"summary_large_image","twitter_misc":{"Tiempo de lectura":"1 minuto"},"schema":{"@context":"https:\/\/schema.org","@graph":[{"@type":"WebPage","@id":"https:\/\/tevinor.ar\/index.php\/certificaciones\/","url":"https:\/\/tevinor.ar\/index.php\/certificaciones\/","name":"Tevinor. Certificaciones","isPartOf":{"@id":"https:\/\/tevinor.ar\/#website"},"datePublished":"2026-03-17T14:36:32+00:00","dateModified":"2026-03-17T14:46:20+00:00","description":"Con m\u00e1s de 90 a\u00f1os de trayectoria, Tevinor es l\u00edder en la fabricaci\u00f3n de tejidos vin\u00edlicos de alta calidad en Argentina. Innovaci\u00f3n y durabilidad garantizada.","breadcrumb":{"@id":"https:\/\/tevinor.ar\/index.php\/certificaciones\/#breadcrumb"},"inLanguage":"es","potentialAction":[{"@type":"ReadAction","target":["https:\/\/tevinor.ar\/index.php\/certificaciones\/"]}]},{"@type":"BreadcrumbList","@id":"https:\/\/tevinor.ar\/index.php\/certificaciones\/#breadcrumb","itemListElement":[{"@type":"ListItem","position":1,"name":"Portada","item":"https:\/\/tevinor.ar\/"},{"@type":"ListItem","position":2,"name":"Certificaciones"}]},{"@type":"WebSite","@id":"https:\/\/tevinor.ar\/#website","url":"https:\/\/tevinor.ar\/","name":"Tevinor","description":"Telas y Productos vin\u00edlicos","publisher":{"@id":"https:\/\/tevinor.ar\/#organization"},"potentialAction":[{"@type":"SearchAction","target":{"@type":"EntryPoint","urlTemplate":"https:\/\/tevinor.ar\/?s={search_term_string}"},"query-input":{"@type":"PropertyValueSpecification","valueRequired":true,"valueName":"search_term_string"}}],"inLanguage":"es"},{"@type":"Organization","@id":"https:\/\/tevinor.ar\/#organization","name":"Tevinor","url":"https:\/\/tevinor.ar\/","logo":{"@type":"ImageObject","inLanguage":"es","@id":"https:\/\/tevinor.ar\/#\/schema\/logo\/image\/","url":"https:\/\/tevinor.ar\/wp-content\/uploads\/2026\/02\/logo-tevinor.png","contentUrl":"https:\/\/tevinor.ar\/wp-content\/uploads\/2026\/02\/logo-tevinor.png","width":630,"height":169,"caption":"Tevinor"},"image":{"@id":"https:\/\/tevinor.ar\/#\/schema\/logo\/image\/"}}]}},"_links":{"self":[{"href":"https:\/\/tevinor.ar\/index.php\/wp-json\/wp\/v2\/pages\/2285","targetHints":{"allow":["GET"]}}],"collection":[{"href":"https:\/\/tevinor.ar\/index.php\/wp-json\/wp\/v2\/pages"}],"about":[{"href":"https:\/\/tevinor.ar\/index.php\/wp-json\/wp\/v2\/types\/page"}],"author":[{"embeddable":true,"href":"https:\/\/tevinor.ar\/index.php\/wp-json\/wp\/v2\/users\/1"}],"replies":[{"embeddable":true,"href":"https:\/\/tevinor.ar\/index.php\/wp-json\/wp\/v2\/comments?post=2285"}],"version-history":[{"count":0,"href":"https:\/\/tevinor.ar\/index.php\/wp-json\/wp\/v2\/pages\/2285\/revisions"}],"wp:attachment":[{"href":"https:\/\/tevinor.ar\/index.php\/wp-json\/wp\/v2\/media?parent=2285"}],"curies":[{"name":"wp","href":"https:\/\/api.w.org\/{rel}","templated":true}]}}