{"id":3522,"date":"2026-04-07T18:47:37","date_gmt":"2026-04-07T18:47:37","guid":{"rendered":"https:\/\/tevinor.ar\/?post_type=product&#038;p=3522"},"modified":"2026-04-07T20:38:49","modified_gmt":"2026-04-07T20:38:49","slug":"clear","status":"publish","type":"product","link":"https:\/\/tevinor.ar\/index.php\/producto\/clear\/","title":{"rendered":"Clear"},"content":{"rendered":"","protected":false},"excerpt":{"rendered":"<p><strong>#NK1700<\/strong><\/p>\n<p class=\"spects\"><strong>Especificaciones t\u00e9cnicas:<\/strong><\/p>\n<p><strong>Nombre: Cristal<\/strong><br \/>\n<strong>Composici\u00f3n: 100% PVC<\/strong><br \/>\n<strong>Ancho MTS: 1,4<\/strong><br \/>\n<strong>Longitud del rollo MTS: 50<\/strong><br \/>\n<strong>C\u00f3digo \/ Espesor en Micrones: N080 &#8211; 80<\/strong><br \/>\n<strong>C\u00f3digo \/ Espesor en Micrones: N100 &#8211; 100<\/strong><br \/>\n<strong>C\u00f3digo \/ Espesor en Micrones: N180 &#8211; 180<\/strong><br \/>\n<strong>C\u00f3digo \/ Espesor en Micrones: N250 &#8211; 250<\/strong><br \/>\n<strong>C\u00f3digo \/ Espesor en Micrones: N350 &#8211; 350<\/strong><br \/>\n<strong>C\u00f3digo \/ Espesor en Micrones: N450 &#8211; 50<\/strong><br \/>\n<strong>C\u00f3digo \/ Espesor en Micrones: N500 &#8211; 500<\/strong><br \/>\n<strong>C\u00f3digo \/ Espesor en Micrones: N600 &#8211; 600<\/strong><br \/>\n<strong>C\u00f3digo \/ Espesor en Micrones: N500 &#8211; 500<\/strong><br \/>\n<strong>Ancho MTS: 1,8<\/strong><br \/>\n<strong>Longitud del rollo MTS: 50<\/strong><\/p>\n","protected":false},"featured_media":1019,"template":"","meta":{"_joinchat":[]},"product_brand":[],"product_cat":[466,469],"product_tag":[],"class_list":{"0":"post-3522","1":"product","2":"type-product","3":"status-publish","4":"has-post-thumbnail","6":"product_cat-usos-multiples-industrial-aplicaciones","7":"product_cat-usos-multiples-industrial","9":"first","10":"instock","11":"shipping-taxable","12":"product-type-simple"},"yoast_head":"<!-- This site is optimized with the Yoast SEO plugin v27.4 - https:\/\/yoast.com\/product\/yoast-seo-wordpress\/ -->\n<title>Clear - Tevinor<\/title>\n<meta name=\"robots\" content=\"index, follow, max-snippet:-1, max-image-preview:large, max-video-preview:-1\" \/>\n<link rel=\"canonical\" href=\"https:\/\/tevinor.ar\/index.php\/producto\/clear\/\" \/>\n<meta property=\"og:locale\" content=\"es_ES\" \/>\n<meta property=\"og:type\" content=\"article\" \/>\n<meta property=\"og:title\" content=\"Clear - Tevinor\" \/>\n<meta property=\"og:description\" content=\"#NK1700 Especificaciones t\u00e9cnicas: Nombre: Cristal Composici\u00f3n: 100% PVC Ancho MTS: 1,4 Longitud del rollo MTS: 50 C\u00f3digo \/ Espesor en Micrones: N080 - 80 C\u00f3digo \/ Espesor en Micrones: N100 - 100 C\u00f3digo \/ Espesor en Micrones: N180 - 180 C\u00f3digo \/ Espesor en Micrones: N250 - 250 C\u00f3digo \/ Espesor en Micrones: N350 - 350 C\u00f3digo \/ Espesor en Micrones: N450 - 50 C\u00f3digo \/ Espesor en Micrones: N500 - 500 C\u00f3digo \/ Espesor en Micrones: N600 - 600 C\u00f3digo \/ Espesor en Micrones: N500 - 500 Ancho MTS: 1,8 Longitud del rollo MTS: 50\" \/>\n<meta property=\"og:url\" content=\"https:\/\/tevinor.ar\/index.php\/producto\/clear\/\" \/>\n<meta property=\"og:site_name\" content=\"Tevinor\" \/>\n<meta property=\"article:modified_time\" content=\"2026-04-07T20:38:49+00:00\" \/>\n<meta name=\"twitter:card\" content=\"summary_large_image\" \/>\n<script type=\"application\/ld+json\" class=\"yoast-schema-graph\">{\"@context\":\"https:\\\/\\\/schema.org\",\"@graph\":[{\"@type\":\"WebPage\",\"@id\":\"https:\\\/\\\/tevinor.ar\\\/index.php\\\/producto\\\/clear\\\/\",\"url\":\"https:\\\/\\\/tevinor.ar\\\/index.php\\\/producto\\\/clear\\\/\",\"name\":\"Clear - Tevinor\",\"isPartOf\":{\"@id\":\"https:\\\/\\\/tevinor.ar\\\/#website\"},\"primaryImageOfPage\":{\"@id\":\"https:\\\/\\\/tevinor.ar\\\/index.php\\\/producto\\\/clear\\\/#primaryimage\"},\"image\":{\"@id\":\"https:\\\/\\\/tevinor.ar\\\/index.php\\\/producto\\\/clear\\\/#primaryimage\"},\"thumbnailUrl\":\"https:\\\/\\\/tevinor.ar\\\/wp-content\\\/uploads\\\/2026\\\/03\\\/CRISTAL.jpg\",\"datePublished\":\"2026-04-07T18:47:37+00:00\",\"dateModified\":\"2026-04-07T20:38:49+00:00\",\"breadcrumb\":{\"@id\":\"https:\\\/\\\/tevinor.ar\\\/index.php\\\/producto\\\/clear\\\/#breadcrumb\"},\"inLanguage\":\"es\",\"potentialAction\":[{\"@type\":\"ReadAction\",\"target\":[\"https:\\\/\\\/tevinor.ar\\\/index.php\\\/producto\\\/clear\\\/\"]}]},{\"@type\":\"ImageObject\",\"inLanguage\":\"es\",\"@id\":\"https:\\\/\\\/tevinor.ar\\\/index.php\\\/producto\\\/clear\\\/#primaryimage\",\"url\":\"https:\\\/\\\/tevinor.ar\\\/wp-content\\\/uploads\\\/2026\\\/03\\\/CRISTAL.jpg\",\"contentUrl\":\"https:\\\/\\\/tevinor.ar\\\/wp-content\\\/uploads\\\/2026\\\/03\\\/CRISTAL.jpg\",\"width\":1920,\"height\":1920},{\"@type\":\"BreadcrumbList\",\"@id\":\"https:\\\/\\\/tevinor.ar\\\/index.php\\\/producto\\\/clear\\\/#breadcrumb\",\"itemListElement\":[{\"@type\":\"ListItem\",\"position\":1,\"name\":\"Portada\",\"item\":\"https:\\\/\\\/tevinor.ar\\\/\"},{\"@type\":\"ListItem\",\"position\":2,\"name\":\"Tienda\",\"item\":\"https:\\\/\\\/tevinor.ar\\\/index.php\\\/tienda\\\/\"},{\"@type\":\"ListItem\",\"position\":3,\"name\":\"Clear\"}]},{\"@type\":\"WebSite\",\"@id\":\"https:\\\/\\\/tevinor.ar\\\/#website\",\"url\":\"https:\\\/\\\/tevinor.ar\\\/\",\"name\":\"Tevinor\",\"description\":\"Telas y Productos vin\u00edlicos\",\"publisher\":{\"@id\":\"https:\\\/\\\/tevinor.ar\\\/#organization\"},\"potentialAction\":[{\"@type\":\"SearchAction\",\"target\":{\"@type\":\"EntryPoint\",\"urlTemplate\":\"https:\\\/\\\/tevinor.ar\\\/?s={search_term_string}\"},\"query-input\":{\"@type\":\"PropertyValueSpecification\",\"valueRequired\":true,\"valueName\":\"search_term_string\"}}],\"inLanguage\":\"es\"},{\"@type\":\"Organization\",\"@id\":\"https:\\\/\\\/tevinor.ar\\\/#organization\",\"name\":\"Tevinor\",\"url\":\"https:\\\/\\\/tevinor.ar\\\/\",\"logo\":{\"@type\":\"ImageObject\",\"inLanguage\":\"es\",\"@id\":\"https:\\\/\\\/tevinor.ar\\\/#\\\/schema\\\/logo\\\/image\\\/\",\"url\":\"https:\\\/\\\/tevinor.ar\\\/wp-content\\\/uploads\\\/2026\\\/02\\\/logo-tevinor.png\",\"contentUrl\":\"https:\\\/\\\/tevinor.ar\\\/wp-content\\\/uploads\\\/2026\\\/02\\\/logo-tevinor.png\",\"width\":630,\"height\":169,\"caption\":\"Tevinor\"},\"image\":{\"@id\":\"https:\\\/\\\/tevinor.ar\\\/#\\\/schema\\\/logo\\\/image\\\/\"}}]}<\/script>\n<!-- \/ Yoast SEO plugin. -->","yoast_head_json":{"title":"Clear - Tevinor","robots":{"index":"index","follow":"follow","max-snippet":"max-snippet:-1","max-image-preview":"max-image-preview:large","max-video-preview":"max-video-preview:-1"},"canonical":"https:\/\/tevinor.ar\/index.php\/producto\/clear\/","og_locale":"es_ES","og_type":"article","og_title":"Clear - Tevinor","og_description":"#NK1700 Especificaciones t\u00e9cnicas: Nombre: Cristal Composici\u00f3n: 100% PVC Ancho MTS: 1,4 Longitud del rollo MTS: 50 C\u00f3digo \/ Espesor en Micrones: N080 - 80 C\u00f3digo \/ Espesor en Micrones: N100 - 100 C\u00f3digo \/ Espesor en Micrones: N180 - 180 C\u00f3digo \/ Espesor en Micrones: N250 - 250 C\u00f3digo \/ Espesor en Micrones: N350 - 350 C\u00f3digo \/ Espesor en Micrones: N450 - 50 C\u00f3digo \/ Espesor en Micrones: N500 - 500 C\u00f3digo \/ Espesor en Micrones: N600 - 600 C\u00f3digo \/ Espesor en Micrones: N500 - 500 Ancho MTS: 1,8 Longitud del rollo MTS: 50","og_url":"https:\/\/tevinor.ar\/index.php\/producto\/clear\/","og_site_name":"Tevinor","article_modified_time":"2026-04-07T20:38:49+00:00","twitter_card":"summary_large_image","schema":{"@context":"https:\/\/schema.org","@graph":[{"@type":"WebPage","@id":"https:\/\/tevinor.ar\/index.php\/producto\/clear\/","url":"https:\/\/tevinor.ar\/index.php\/producto\/clear\/","name":"Clear - Tevinor","isPartOf":{"@id":"https:\/\/tevinor.ar\/#website"},"primaryImageOfPage":{"@id":"https:\/\/tevinor.ar\/index.php\/producto\/clear\/#primaryimage"},"image":{"@id":"https:\/\/tevinor.ar\/index.php\/producto\/clear\/#primaryimage"},"thumbnailUrl":"https:\/\/tevinor.ar\/wp-content\/uploads\/2026\/03\/CRISTAL.jpg","datePublished":"2026-04-07T18:47:37+00:00","dateModified":"2026-04-07T20:38:49+00:00","breadcrumb":{"@id":"https:\/\/tevinor.ar\/index.php\/producto\/clear\/#breadcrumb"},"inLanguage":"es","potentialAction":[{"@type":"ReadAction","target":["https:\/\/tevinor.ar\/index.php\/producto\/clear\/"]}]},{"@type":"ImageObject","inLanguage":"es","@id":"https:\/\/tevinor.ar\/index.php\/producto\/clear\/#primaryimage","url":"https:\/\/tevinor.ar\/wp-content\/uploads\/2026\/03\/CRISTAL.jpg","contentUrl":"https:\/\/tevinor.ar\/wp-content\/uploads\/2026\/03\/CRISTAL.jpg","width":1920,"height":1920},{"@type":"BreadcrumbList","@id":"https:\/\/tevinor.ar\/index.php\/producto\/clear\/#breadcrumb","itemListElement":[{"@type":"ListItem","position":1,"name":"Portada","item":"https:\/\/tevinor.ar\/"},{"@type":"ListItem","position":2,"name":"Tienda","item":"https:\/\/tevinor.ar\/index.php\/tienda\/"},{"@type":"ListItem","position":3,"name":"Clear"}]},{"@type":"WebSite","@id":"https:\/\/tevinor.ar\/#website","url":"https:\/\/tevinor.ar\/","name":"Tevinor","description":"Telas y Productos vin\u00edlicos","publisher":{"@id":"https:\/\/tevinor.ar\/#organization"},"potentialAction":[{"@type":"SearchAction","target":{"@type":"EntryPoint","urlTemplate":"https:\/\/tevinor.ar\/?s={search_term_string}"},"query-input":{"@type":"PropertyValueSpecification","valueRequired":true,"valueName":"search_term_string"}}],"inLanguage":"es"},{"@type":"Organization","@id":"https:\/\/tevinor.ar\/#organization","name":"Tevinor","url":"https:\/\/tevinor.ar\/","logo":{"@type":"ImageObject","inLanguage":"es","@id":"https:\/\/tevinor.ar\/#\/schema\/logo\/image\/","url":"https:\/\/tevinor.ar\/wp-content\/uploads\/2026\/02\/logo-tevinor.png","contentUrl":"https:\/\/tevinor.ar\/wp-content\/uploads\/2026\/02\/logo-tevinor.png","width":630,"height":169,"caption":"Tevinor"},"image":{"@id":"https:\/\/tevinor.ar\/#\/schema\/logo\/image\/"}}]}},"_links":{"self":[{"href":"https:\/\/tevinor.ar\/index.php\/wp-json\/wp\/v2\/product\/3522","targetHints":{"allow":["GET"]}}],"collection":[{"href":"https:\/\/tevinor.ar\/index.php\/wp-json\/wp\/v2\/product"}],"about":[{"href":"https:\/\/tevinor.ar\/index.php\/wp-json\/wp\/v2\/types\/product"}],"wp:featuredmedia":[{"embeddable":true,"href":"https:\/\/tevinor.ar\/index.php\/wp-json\/wp\/v2\/media\/1019"}],"wp:attachment":[{"href":"https:\/\/tevinor.ar\/index.php\/wp-json\/wp\/v2\/media?parent=3522"}],"wp:term":[{"taxonomy":"product_brand","embeddable":true,"href":"https:\/\/tevinor.ar\/index.php\/wp-json\/wp\/v2\/product_brand?post=3522"},{"taxonomy":"product_cat","embeddable":true,"href":"https:\/\/tevinor.ar\/index.php\/wp-json\/wp\/v2\/product_cat?post=3522"},{"taxonomy":"product_tag","embeddable":true,"href":"https:\/\/tevinor.ar\/index.php\/wp-json\/wp\/v2\/product_tag?post=3522"}],"curies":[{"name":"wp","href":"https:\/\/api.w.org\/{rel}","templated":true}]}}